{"id":1029,"date":"2023-03-12T14:13:35","date_gmt":"2023-03-12T20:13:35","guid":{"rendered":"https:\/\/amayahunab.com\/?page_id=1029"},"modified":"2023-03-12T14:13:35","modified_gmt":"2023-03-12T20:13:35","slug":"terminos-y-condiciones","status":"publish","type":"page","link":"https:\/\/amayahunab.com\/en\/terminos-y-condiciones\/","title":{"rendered":"Terms and Conditions"},"content":{"rendered":"<h2>\n\t\tTerms and Conditions\n\t<\/h2>\n\t<h3>Hunab Amaya Terms and Conditions<\/h3>\n<p>Thank you for landing in this space. I am a multipotential artist who seeks to harmonize human life through systems that facilitate peace, beauty and creativity. I specialize in creating harmonious environments through sounds, music and conscious design.<\/p>\n<p>My desire is to share with you the most valuable lessons that I have acquired throughout my life, so that you can manifest the life that you dream of and deserve. I love accompanying you in this process, and enriching myself with the ideas of other people to help them nurture them with coherence and direction from the beginning.<\/p>\n<p>Below I detail Hunab Amaya&#039;s Terms and Conditions, please read them carefully before using my website. If you have any questions, do not hesitate to contact me directly by email <a href=\"mailto:hunabamaya@gmail.com\" target=\"_new\" rel=\"noopener\">hunabamaya@gmail.com<\/a>, I will be happy to answer your questions.<\/p>\n<ol>\n<li>\n<h3>Intellectual property<\/h3>\n<\/li>\n<\/ol>\n<p>All content on the Hunab Amaya website, including but not limited to images, texts, designs, graphics, photographs, logos, brands and any other original material, is created with much love and dedication by himself; is completely original and own, and is protected by copyright. Hunab Amaya uses her consciousness in multiple ways to \u201ccreate her own personality\u201d that speaks through her music and the images it generates.<\/p>\n<ol start=\"2\">\n<li>\n<h3>Respect for artistic work<\/h3>\n<\/li>\n<\/ol>\n<p>On this website we value and respect the work and purpose of art. Therefore, unauthorized reproduction, distribution, modification or any use of any art or content appearing on our website without proper authorization from the copyright owner is prohibited.<\/p>\n<ol start=\"3\">\n<li>\n<h3>Use of the website<\/h3>\n<\/li>\n<\/ol>\n<p>The use of this website is permitted for personal and non-commercial purposes. The use of the website for illegal or immoral purposes is not allowed, nor is it allowed to carry out activities that may cause harm or harm to Hunab Amaya or third parties.<\/p>\n<ol start=\"4\">\n<li>\n<h3>Responsibility<\/h3>\n<\/li>\n<\/ol>\n<p>Hunab Amaya will not be responsible for any damages that may arise from the improper or illegal use of the website or any content that appears on it. Likewise, Hunab Amaya will not be responsible for any damages that may arise from the interruption, suspension or lack of availability of the website.<\/p>\n<ol start=\"5\">\n<li>\n<h3>Changes to the Terms and Conditions<\/h3>\n<\/li>\n<\/ol>\n<p>Hunab Amaya reserves the right to modify these Terms and Conditions at any time and without prior notice. Therefore, we recommend that you periodically review the Terms and Conditions to be aware of any modifications.<\/p>\n<p>Thank you for visiting Hunab Amaya and for reading our Terms and Conditions. If you have any questions or comments, feel free to contact me directly by email. <a href=\"mailto:hunabamaya@gmail.com\" target=\"_new\" rel=\"noopener\">hunabamaya@gmail.com<\/a>, I&#039;ll be happy to help you. May harmony and creativity be with you always!<\/p>","protected":false},"excerpt":{"rendered":"<p>Terms and Conditions Hunab Amaya&#039;s Terms and Conditions Thank you for landing in this space. I am a multipotential artist who seeks to harmonize human life through systems that facilitate peace, beauty and creativity. I specialize in creating harmonious environments through sounds, music and conscious design. My wish is...<\/p>","protected":false},"author":2,"featured_media":0,"parent":0,"menu_order":0,"comment_status":"closed","ping_status":"closed","template":"","meta":{"_monsterinsights_skip_tracking":false,"_monsterinsights_sitenote_active":false,"_monsterinsights_sitenote_note":"","_monsterinsights_sitenote_category":0,"_uf_show_specific_survey":0,"_uf_disable_surveys":false,"footnotes":""},"class_list":["post-1029","page","type-page","status-publish","hentry"],"yoast_head":"<!-- This site is optimized with the Yoast SEO plugin v27.3 - https:\/\/yoast.com\/product\/yoast-seo-wordpress\/ -->\n<title>T\u00e9rminos y Condiciones - Amaya Hunab<\/title>\n<meta name=\"robots\" content=\"index, follow, max-snippet:-1, max-image-preview:large, max-video-preview:-1\" \/>\n<link rel=\"canonical\" href=\"https:\/\/amayahunab.com\/en\/terminos-y-condiciones\/\" \/>\n<meta property=\"og:locale\" content=\"en_US\" \/>\n<meta property=\"og:type\" content=\"article\" \/>\n<meta property=\"og:title\" content=\"T\u00e9rminos y Condiciones - Amaya Hunab\" \/>\n<meta property=\"og:description\" content=\"T\u00e9rminos y Condiciones T\u00e9rminos y Condiciones de Hunab Amaya Gracias por aterrizar en este espacio. Soy un artista multipotencial que busca armonizar la vida humana a trav\u00e9s de sistemas que facilitan la paz, la belleza y la creatividad. Me especializo en crear ambientes arm\u00f3nicos a trav\u00e9s de sonidos, m\u00fasica y dise\u00f1o consciente. Mi deseo es&hellip;\" \/>\n<meta property=\"og:url\" content=\"https:\/\/amayahunab.com\/en\/terminos-y-condiciones\/\" \/>\n<meta property=\"og:site_name\" content=\"Amaya Hunab\" \/>\n<meta name=\"twitter:card\" content=\"summary_large_image\" \/>\n<script type=\"application\/ld+json\" class=\"yoast-schema-graph\">{\"@context\":\"https:\\\/\\\/schema.org\",\"@graph\":[{\"@type\":\"WebPage\",\"@id\":\"https:\\\/\\\/amayahunab.com\\\/terminos-y-condiciones\\\/\",\"url\":\"https:\\\/\\\/amayahunab.com\\\/terminos-y-condiciones\\\/\",\"name\":\"T\u00e9rminos y Condiciones - Amaya Hunab\",\"isPartOf\":{\"@id\":\"https:\\\/\\\/amayahunab.com\\\/#website\"},\"datePublished\":\"2023-03-12T20:13:35+00:00\",\"breadcrumb\":{\"@id\":\"https:\\\/\\\/amayahunab.com\\\/terminos-y-condiciones\\\/#breadcrumb\"},\"inLanguage\":\"en-US\",\"potentialAction\":[{\"@type\":\"ReadAction\",\"target\":[\"https:\\\/\\\/amayahunab.com\\\/terminos-y-condiciones\\\/\"]}]},{\"@type\":\"BreadcrumbList\",\"@id\":\"https:\\\/\\\/amayahunab.com\\\/terminos-y-condiciones\\\/#breadcrumb\",\"itemListElement\":[{\"@type\":\"ListItem\",\"position\":1,\"name\":\"Inicio\",\"item\":\"https:\\\/\\\/amayahunab.com\\\/\"},{\"@type\":\"ListItem\",\"position\":2,\"name\":\"T\u00e9rminos y Condiciones\"}]},{\"@type\":\"WebSite\",\"@id\":\"https:\\\/\\\/amayahunab.com\\\/#website\",\"url\":\"https:\\\/\\\/amayahunab.com\\\/\",\"name\":\"Amaya Hunab\",\"description\":\"Artista | Humano | Viajero C\u00f3smico\",\"publisher\":{\"@id\":\"https:\\\/\\\/amayahunab.com\\\/#organization\"},\"potentialAction\":[{\"@type\":\"SearchAction\",\"target\":{\"@type\":\"EntryPoint\",\"urlTemplate\":\"https:\\\/\\\/amayahunab.com\\\/?s={search_term_string}\"},\"query-input\":{\"@type\":\"PropertyValueSpecification\",\"valueRequired\":true,\"valueName\":\"search_term_string\"}}],\"inLanguage\":\"en-US\"},{\"@type\":\"Organization\",\"@id\":\"https:\\\/\\\/amayahunab.com\\\/#organization\",\"name\":\"Rewire\",\"url\":\"https:\\\/\\\/amayahunab.com\\\/\",\"logo\":{\"@type\":\"ImageObject\",\"inLanguage\":\"en-US\",\"@id\":\"https:\\\/\\\/amayahunab.com\\\/#\\\/schema\\\/logo\\\/image\\\/\",\"url\":\"\",\"contentUrl\":\"\",\"caption\":\"Rewire\"},\"image\":{\"@id\":\"https:\\\/\\\/amayahunab.com\\\/#\\\/schema\\\/logo\\\/image\\\/\"}}]}<\/script>\n<!-- \/ Yoast SEO plugin. -->","yoast_head_json":{"title":"Terms and Conditions - Amaya Hunab","robots":{"index":"index","follow":"follow","max-snippet":"max-snippet:-1","max-image-preview":"max-image-preview:large","max-video-preview":"max-video-preview:-1"},"canonical":"https:\/\/amayahunab.com\/en\/terminos-y-condiciones\/","og_locale":"en_US","og_type":"article","og_title":"T\u00e9rminos y Condiciones - Amaya Hunab","og_description":"T\u00e9rminos y Condiciones T\u00e9rminos y Condiciones de Hunab Amaya Gracias por aterrizar en este espacio. Soy un artista multipotencial que busca armonizar la vida humana a trav\u00e9s de sistemas que facilitan la paz, la belleza y la creatividad. Me especializo en crear ambientes arm\u00f3nicos a trav\u00e9s de sonidos, m\u00fasica y dise\u00f1o consciente. Mi deseo es&hellip;","og_url":"https:\/\/amayahunab.com\/en\/terminos-y-condiciones\/","og_site_name":"Amaya Hunab","twitter_card":"summary_large_image","schema":{"@context":"https:\/\/schema.org","@graph":[{"@type":"WebPage","@id":"https:\/\/amayahunab.com\/terminos-y-condiciones\/","url":"https:\/\/amayahunab.com\/terminos-y-condiciones\/","name":"Terms and Conditions - Amaya Hunab","isPartOf":{"@id":"https:\/\/amayahunab.com\/#website"},"datePublished":"2023-03-12T20:13:35+00:00","breadcrumb":{"@id":"https:\/\/amayahunab.com\/terminos-y-condiciones\/#breadcrumb"},"inLanguage":"en-US","potentialAction":[{"@type":"ReadAction","target":["https:\/\/amayahunab.com\/terminos-y-condiciones\/"]}]},{"@type":"BreadcrumbList","@id":"https:\/\/amayahunab.com\/terminos-y-condiciones\/#breadcrumb","itemListElement":[{"@type":"ListItem","position":1,"name":"Inicio","item":"https:\/\/amayahunab.com\/"},{"@type":"ListItem","position":2,"name":"T\u00e9rminos y Condiciones"}]},{"@type":"WebSite","@id":"https:\/\/amayahunab.com\/#website","url":"https:\/\/amayahunab.com\/","name":"Amaya Hunab","description":"Artist | Human | Cosmic Traveler","publisher":{"@id":"https:\/\/amayahunab.com\/#organization"},"potentialAction":[{"@type":"SearchAction","target":{"@type":"EntryPoint","urlTemplate":"https:\/\/amayahunab.com\/?s={search_term_string}"},"query-input":{"@type":"PropertyValueSpecification","valueRequired":true,"valueName":"search_term_string"}}],"inLanguage":"en-US"},{"@type":"Organization","@id":"https:\/\/amayahunab.com\/#organization","name":"Rewire","url":"https:\/\/amayahunab.com\/","logo":{"@type":"ImageObject","inLanguage":"en-US","@id":"https:\/\/amayahunab.com\/#\/schema\/logo\/image\/","url":"","contentUrl":"","caption":"Rewire"},"image":{"@id":"https:\/\/amayahunab.com\/#\/schema\/logo\/image\/"}}]}},"_links":{"self":[{"href":"https:\/\/amayahunab.com\/en\/wp-json\/wp\/v2\/pages\/1029","targetHints":{"allow":["GET"]}}],"collection":[{"href":"https:\/\/amayahunab.com\/en\/wp-json\/wp\/v2\/pages"}],"about":[{"href":"https:\/\/amayahunab.com\/en\/wp-json\/wp\/v2\/types\/page"}],"author":[{"embeddable":true,"href":"https:\/\/amayahunab.com\/en\/wp-json\/wp\/v2\/users\/2"}],"replies":[{"embeddable":true,"href":"https:\/\/amayahunab.com\/en\/wp-json\/wp\/v2\/comments?post=1029"}],"version-history":[{"count":2,"href":"https:\/\/amayahunab.com\/en\/wp-json\/wp\/v2\/pages\/1029\/revisions"}],"predecessor-version":[{"id":1031,"href":"https:\/\/amayahunab.com\/en\/wp-json\/wp\/v2\/pages\/1029\/revisions\/1031"}],"wp:attachment":[{"href":"https:\/\/amayahunab.com\/en\/wp-json\/wp\/v2\/media?parent=1029"}],"curies":[{"name":"wp","href":"https:\/\/api.w.org\/{rel}","templated":true}]}}