{"id":111,"date":"2020-03-22T09:00:34","date_gmt":"2020-03-22T15:00:34","guid":{"rendered":"https:\/\/amayahunab.com\/?page_id=111"},"modified":"2026-04-26T11:15:55","modified_gmt":"2026-04-26T17:15:55","slug":"entrenamiento-online","status":"publish","type":"page","link":"https:\/\/amayahunab.com\/en\/entrenamiento-online\/","title":{"rendered":"Online Training"},"content":{"rendered":"<a href=\"https:\/\/amayahunab.com\/en\/\" target=\"_self\" itemprop=\"url\" rel=\"noopener noreferrer\">\n\t\t\t\t\t\t\t\t\t\t<img decoding=\"async\" data-src=\"https:\/\/amayahunab.com\/wp-content\/uploads\/2020\/03\/REWIRE-Logo-Color-White-1024x295.png\" alt=\"Rewire Empoderamiento Logo Color White\" itemprop=\"image\" src=\"data:image\/svg+xml;base64,PHN2ZyB3aWR0aD0iMSIgaGVpZ2h0PSIxIiB4bWxucz0iaHR0cDovL3d3dy53My5vcmcvMjAwMC9zdmciPjwvc3ZnPg==\" class=\"lazyload\" style=\"--smush-placeholder-width: 1024px; --smush-placeholder-aspect-ratio: 1024\/295;\" \/>\n\t\t\t\t\t\t\t\t\t\t\t\t\t\t\t<\/a>\n\t\t<h2>\n\t\t\tEmpower yourself and others!\n\t\t<\/h2>\n\t\t<h3>\n\t\t\tEntrenamiento\n\t\t\t\t\t\t\t\t\t\t\tOnline\n\t\t<\/h3>\n\t<h3><em>\u201c<\/em><\/h3>\n<h3><em>&#8211; Las herramientas que cambiaron mi vida fueron aquellas que me permitieron manifestar la vida con la que so\u00f1aba y que sab\u00eda que merec\u00eda.<\/em><br \/>\n<em>Now I want to share them with you.<\/em><\/h3>\n<h3><em>\u201c<\/em><\/h3>\n<p>Luis Hunab Amaya<\/p>\n\t<h2>Reconfigure your mind<\/h2>\n<p>Desde muy peque\u00f1os adquirimos creencias limitantes que la familia, la sociedad y la religi\u00f3n imponen en nosotros. Todo ello se almacena en nuestro cerebro en forma de neuro-asociaciones o &#8220;caminos neurales&#8221;.<\/p>\n<p>Tenemos el poder de &#8220;re-cablear&#8221; o &#8220;reconfigurar&#8221; aquellas asociaciones, transform\u00e1ndolas conscientemente en poderosas creencias y convicciones que <a href=\"https:\/\/bookretreats.com\/s\/yoga-retreats\" target=\"_blank\" rel=\"noopener noreferrer\">potentially improve our lives<\/a>.<\/p>\n\t\t\t\t\t\t\t\t\t\t<img decoding=\"async\" data-src=\"https:\/\/amayahunab.com\/wp-content\/uploads\/2020\/03\/Artwork-Reconfigura.png\" alt=\"Rewire empoderamiento mente\" itemprop=\"image\" src=\"data:image\/svg+xml;base64,PHN2ZyB3aWR0aD0iMSIgaGVpZ2h0PSIxIiB4bWxucz0iaHR0cDovL3d3dy53My5vcmcvMjAwMC9zdmciPjwvc3ZnPg==\" class=\"lazyload\" style=\"--smush-placeholder-width: 1080px; --smush-placeholder-aspect-ratio: 1080\/1080;\" \/>\n\t\t\t\t\t\t\t\t\t\t<img decoding=\"async\" data-src=\"https:\/\/amayahunab.com\/wp-content\/uploads\/2020\/03\/Artwork-Sincroniza.png\" alt=\"Rewire empoderamiento emocional\" itemprop=\"image\" src=\"data:image\/svg+xml;base64,PHN2ZyB3aWR0aD0iMSIgaGVpZ2h0PSIxIiB4bWxucz0iaHR0cDovL3d3dy53My5vcmcvMjAwMC9zdmciPjwvc3ZnPg==\" class=\"lazyload\" style=\"--smush-placeholder-width: 1080px; --smush-placeholder-aspect-ratio: 1080\/1080;\" \/>\n\t<h2>Synchronize your systems<\/h2>\n<p>True and transformational change occurs when the systems that regulate our bodies are in sync. It is then that our nervous system sends our brain the correct signal to reconfigure any belief or condition that limits us.<\/p>\n<p>In <strong>Rewire<\/strong> we have transrational technology (which unites science with spirit) to bring consciousness to a non-ordinary, high-focused state. Thus, any change happens in a very short time and lasts for a long time.<\/p>\n\t<h2>Unleash your potential<\/h2>\n<p>Get personal power from various sources and start manifesting the life you deserve and dream of. Through mindful empowerment, you will go beyond just creating abundance or attracting a partner. You will be able to redefine your purpose in life and raise your value for the planet<\/p>\n<p>After <a href=\"https:\/\/bookretreats.com\/s\/wellness-retreats\" target=\"_blank\" rel=\"noopener noreferrer\">learn and internalize unique transformation tools<\/a>, you can use them to reconfigure your life and inspire everyone around you. We use deep methodology to develop intelligent intuition, emotional resilience and spiritual intelligence.\u00a0<\/p>\n\t\t\t\t\t\t\t\t\t\t<img decoding=\"async\" data-src=\"https:\/\/amayahunab.com\/wp-content\/uploads\/2020\/03\/Artwork-Libera.png\" alt=\"Rewire empoderamiento exito\" itemprop=\"image\" src=\"data:image\/svg+xml;base64,PHN2ZyB3aWR0aD0iMSIgaGVpZ2h0PSIxIiB4bWxucz0iaHR0cDovL3d3dy53My5vcmcvMjAwMC9zdmciPjwvc3ZnPg==\" class=\"lazyload\" style=\"--smush-placeholder-width: 1080px; --smush-placeholder-aspect-ratio: 1080\/1080;\" \/>\n\t\t\t\t\t\t\t\t\t\t\t\t\t\t\t\t\t<h3>Fernanda Arreola<\/h3>\n\t\t\t\t\t\t\t\t\t\t\t\t\t\t\n\t\t\t\t\t\t\t\t\t\t\t\t\t\t\t\t\t<h3>Lucia Vazquez<\/h3>\n\t\t\t\t\t\t\t\t\t\t\t\t\t\t\n\t\t\t\t\t\t\t\t\t\t\t\t\t\t\t\t\t<h3>Aura of the Jungle<\/h3>\n\t\t\t\t\t\t\t\t\t\t\t\t\t\t\n\t\t\t\t\t\t\t\t\t\t\t\t\t\t\t\t\t<h3>Fryda Espillar<\/h3>\n\t\t\t\t\t\t\t\t\t\t\t\t\t\t\n\t\t\t\t\t\t\t\t\t\t\t\t\t\t\t\t\t<h3>Tayd\u00e9 Criollo<\/h3>\n\t\t\t\t\t\t\t\t\t\t\t\t\t\t\n\t\t\t\t\t\t\t\t\t\t\t\t\t\t\t\t\t<h3>Alexis Trevino<\/h3>\n\t\t\t\t\t\t\t\t\t\t\t\t\t\t\n\t\t\t\t\t\t\t\t\t\t\t\t\t\t\t\t\t<h3>Adela Hern\u00e1ndez<\/h3>\n\t\t\t\t\t\t\t\t\t\t\t\t\t\t\n\t\t\t\t\t\t\t\t\t\t\t\t\t\t\t\t\t<h3>Valen Alaya<\/h3>\n\t\t\t\t\t\t\t\t\t\t\t\t\t\t\n\t\t\t\t<!-- \/.pp-testimonials -->\n<h2>\n\t\tSign up by clicking here:\n\t<\/h2>\n\t\t\t<a href=\"#inscribete\" target=\"_self\" role=\"button\" rel=\"noopener noreferrer\">\n\t\t\t\t\t\t\t<\/a>\n<h2>\n\t\tWho is Luis Hunab Amaya?\n\t<\/h2>\n\t\t\t\t\t\t\t\t\t<a href=\"https:\/\/www.facebook.com\/HunabAmaya\" target=\"_blank\" itemprop=\"url\" rel=\"noopener noreferrer\">\n\t\t\t\t\t\t\t\t\t\t<img decoding=\"async\" data-src=\"https:\/\/amayahunab.com\/wp-content\/uploads\/bb-plugin\/cache\/Hunab-Studio-circle.jpg\" alt=\"Hunab Amaya\" itemprop=\"image\" src=\"data:image\/svg+xml;base64,PHN2ZyB3aWR0aD0iMSIgaGVpZ2h0PSIxIiB4bWxucz0iaHR0cDovL3d3dy53My5vcmcvMjAwMC9zdmciPjwvc3ZnPg==\" class=\"lazyload\" style=\"--smush-placeholder-width: 1080px; --smush-placeholder-aspect-ratio: 1080\/1080;\" \/>\n\t\t\t\t\t\t\t\t\t\t\t\t\t\t\t<\/a>\n\t\t\t\t<img decoding=\"async\" data-src=\"https:\/\/amayahunab.com\/wp-content\/plugins\/bb-plugin\/img\/pixel.png\" alt=\"\" itemprop=\"image\" onerror=\"this.style.display='none'\" src=\"data:image\/svg+xml;base64,PHN2ZyB3aWR0aD0iMSIgaGVpZ2h0PSIxIiB4bWxucz0iaHR0cDovL3d3dy53My5vcmcvMjAwMC9zdmciPjwvc3ZnPg==\" class=\"lazyload\" style=\"--smush-placeholder-width: 3px; --smush-placeholder-aspect-ratio: 3\/2;\" \/>\n\t<h2>Un Multipotencial&#8230;<\/h2>\n\n<p>I am a multipotential entrepreneur who dedicates his life to creating systems that harmonize human life. My first business started at age 17, a successful music school in Mexico. At 23 I founded with my best friend <a href=\"http:\/\/www.mayansolutions.com\">Mayan Solutions\u00ae<\/a>, where we offer innovation and identity solutions for brands. With this company I created 5 more brands, with which I learned extensively about failure and success. Of those brands, <a href=\"http:\/\/www.soulsync.com.mx\">Soul Sync\u00ae<\/a> and <a href=\"http:\/\/www.nahuayoga.com\">Nahua Yoga<\/a> are my integral contribution to society.<\/p>\n<p>Today I wish to share with the world the most valuable lessons that I have acquired, which not only lead us to manifest the life we dream and deserve, but put us in touch with an aspect full of magic, power and harmony that is found in this moment within us.<\/p>\n\t\t\t<a href=\"https:\/\/amayahunab.com\/en\/hunab-amaya\/\" target=\"_blank\" role=\"button\" rel=\"noopener noreferrer\">\n\t\t\t\t\t\t\tLearn more about my story here\n\t\t\t\t\t<\/a>\n\t<h3><em>\u201c<br \/>\n&#8211; En lo m\u00e1s profundo del hombre habitan esos poderes adormecidos; poderes que le asombrar\u00edan, que \u00e9l jam\u00e1s so\u00f1\u00f3 poseer; fuerzas que revolucionar\u00edan su vida si despertaran y entraran en acci\u00f3n.<br \/>\n\u201c<\/em><\/h3>\n<p>Orison Swett Marden<\/p>\n<h2>\n\t\tOnline Training includes:\n\t<\/h2>\n\t<ul>\n\t\t\t<li>\n\t\t\t\t24 Online Sessions (+12 hours of content).\n\t\t\t<\/li>\n\t\t\t<li>\n\t\t\t\tEasy access to videos at any time.\n\t\t\t<\/li>\n\t\t\t<li>\n\t\t\t\tAffiliation to the group of mutual support participants.\n\t\t\t<\/li>\n\t\t\t<li>\n\t\t\t\tAccess to promotions of official events.\n\t\t\t<\/li>\n\t\t\t<li>\n\t\t\t\tSurprise gifts at the end of the training.\n\t\t\t<\/li>\n\t\t<\/ul>\n\t\t\t\t<img decoding=\"async\" data-src=\"https:\/\/amayahunab.com\/wp-content\/uploads\/2020\/03\/REWIRE-REWIRE-Online-Training-Banner-Square.jpg\" alt=\"REWIRE Online Training Banner Square\" itemprop=\"image\" title=\"REWIRE Online Training Banner Square\" onerror=\"this.style.display='none'\" src=\"data:image\/svg+xml;base64,PHN2ZyB3aWR0aD0iMSIgaGVpZ2h0PSIxIiB4bWxucz0iaHR0cDovL3d3dy53My5vcmcvMjAwMC9zdmciPjwvc3ZnPg==\" class=\"lazyload\" style=\"--smush-placeholder-width: 1080px; --smush-placeholder-aspect-ratio: 1080\/1080;\" \/>\n\t<p><strong>&quot;Empower yourself and others&quot;<\/strong> es un programa de entrenamiento online <strong>in Spanish<\/strong> focused on conscious empowerment. Is a total of\u00a0<strong>24 sessions<\/strong>, with more than 12 hours of valuable content (recommended to track 1 session each day).<\/p>\n\n<h3>\n\t\tThe topics to be covered during the training are:\n\t<\/h3>\n<h2>\n\t\tWeek 1\n\t<\/h2>\n\t\n<ul>\n<li>How do limiting beliefs arise?<\/li>\n<li>Imprints &amp; Neuro-associations.<\/li>\n<li>How to locate limiting beliefs?<\/li>\n<li>How to transform a belief?<\/li>\n<li>How to reinforce a belief?<\/li>\n<li>Create new neural pathways.<\/li>\n<\/ul>\n<h2>\n\t\tWeek 2\n\t<\/h2>\n\t\n<ul>\n<li>The forces that move the world.<\/li>\n<li>Innovative Personal Approach.<\/li>\n<li>Beyond meditation.<\/li>\n<li>IDC or MV technique.<\/li>\n<li>The ultimate approach.<\/li>\n<li>The power of the word.<\/li>\n<\/ul>\n<h2>\n\t\tWeek 3\n\t<\/h2>\n\t\n<ul>\n<li>7 Sources of personal power.<\/li>\n<li>Beyond Affirmations and Visualizations.<\/li>\n<li>Redesigning Success.<\/li>\n<li>Modern Rituals.<\/li>\n<li>The great search for Purpose.<\/li>\n<li>Intuitive Intelligence: The science of the heart.<\/li>\n<\/ul>\n<h2>\n\t\tWeek 4\n\t<\/h2>\n\t\n<ul>\n<li>Practical demonstration training.<\/li>\n<li>Meditation \/ Focus ARAS or SAR.<\/li>\n<li>Integration.<\/li>\n<li>The path of Self-Realization.<\/li>\n<li>The new World.<\/li>\n<li>Surprise gifts.<\/li>\n<\/ul>\n\t<p>After making your purchase, you can download a quick guide to access the training in PDF format. In this document you will have access to the videos through a link with their respective password.<\/p>\n\t<p><strong>Value<\/strong>:<\/p>\n\t<h2>$77USD<\/h2>\n\t<p>Payment via Paypal and Participating Cards.<\/p>\n\t\t<h2>\n\t\t\tWE ARE READY?\n\t\t<\/h2>\n\t\t<h2>\n\t\t\t* It will be a great adventure *\n\t\t<\/h2>\n\t<h2>Sign me up now!<\/h2>\n\t\t\t<a href=\"https:\/\/amayahunab.com\/en\/product\/entrenamiento-online-empoderate-a-ti-y-a-otros\/\" target=\"_self\" role=\"button\" rel=\"noopener noreferrer\">\n\t\t\t\t\t\t\t<\/a>\n<h2>\n\t\tRecommendations\n\t<\/h2>\n\t\t\t\t\t\t\t\t\t<a href=\"https:\/\/www.facebook.com\/fernunezendirecto\" target=\"_blank\" itemprop=\"url\" rel=\"noopener noreferrer\">\n\t\t\t\t\t\t\t\t\t\t<img decoding=\"async\" data-src=\"https:\/\/amayahunab.com\/wp-content\/uploads\/bb-plugin\/cache\/REWIRE-Fer-Nun\u0303ez-circle.jpg\" alt=\"REWIRE Fer Nun\u0303ez\" itemprop=\"image\" src=\"data:image\/svg+xml;base64,PHN2ZyB3aWR0aD0iMSIgaGVpZ2h0PSIxIiB4bWxucz0iaHR0cDovL3d3dy53My5vcmcvMjAwMC9zdmciPjwvc3ZnPg==\" class=\"lazyload\" style=\"--smush-placeholder-width: 500px; --smush-placeholder-aspect-ratio: 500\/500;\" \/>\n\t\t\t\t\t\t\t\t\t\t\t\t\t\t\t<\/a>\n\t<h4>Fer N\u00fa\u00f1ez<br \/>\n<em>Announcer &amp; Influencer<\/em><\/h4>\n\u201cLuis is an enterprising person, very dedicated, always focused on results and with the vision of a particular objective.<br \/>\nHe does not give up and goes for more\u201d.\n\t\t\t\t\t\t\t\t\t<a href=\"https:\/\/www.facebook.com\/Todo-con-Amor-2014680352107693\" target=\"_blank\" itemprop=\"url\" rel=\"noopener noreferrer\">\n\t\t\t\t\t\t\t\t\t\t<img decoding=\"async\" data-src=\"https:\/\/amayahunab.com\/wp-content\/uploads\/bb-plugin\/cache\/REWIRE-Juan-Manuel-Espinoza-circle.jpg\" alt=\"REWIRE Juan Manuel Espinoza\" itemprop=\"image\" src=\"data:image\/svg+xml;base64,PHN2ZyB3aWR0aD0iMSIgaGVpZ2h0PSIxIiB4bWxucz0iaHR0cDovL3d3dy53My5vcmcvMjAwMC9zdmciPjwvc3ZnPg==\" class=\"lazyload\" style=\"--smush-placeholder-width: 500px; --smush-placeholder-aspect-ratio: 500\/500;\" \/>\n\t\t\t\t\t\t\t\t\t\t\t\t\t\t\t<\/a>\n\t<h4>Juan Manuel Espinoza<br \/>\n<em>Founder of Todo con Amor<\/em><\/h4>\n<p>&quot;Luis has been a great companion along the way, with whom I was able to find a very deep connection in music and meditation.&quot;<\/p>\n\t\t\t<a href=\"https:\/\/amayahunab.com\/en\/recomendaciones\/\" target=\"_self\" role=\"button\" rel=\"noopener noreferrer\">\n\t\t\t\t\t\t\tAll Recommendations\n\t\t\t\t\t<\/a>","protected":false},"excerpt":{"rendered":"<p>\u00a1Empod\u00e9rate a ti y a otros! Entrenamiento Online &#8220; &#8211; Las herramientas que cambiaron mi vida fueron aquellas que me permitieron manifestar la vida con la que so\u00f1aba y que sab\u00eda que merec\u00eda. Ahora deseo compartirlas contigo. &#8220; Luis Hunab Amaya Reconfigura tu mente Desde muy peque\u00f1os adquirimos creencias limitantes que la familia, la sociedad&hellip;<\/p>","protected":false},"author":2,"featured_media":0,"parent":0,"menu_order":0,"comment_status":"closed","ping_status":"closed","template":"","meta":{"_monsterinsights_skip_tracking":false,"_monsterinsights_sitenote_active":false,"_monsterinsights_sitenote_note":"","_monsterinsights_sitenote_category":0,"_uf_show_specific_survey":0,"_uf_disable_surveys":false,"footnotes":""},"class_list":["post-111","page","type-page","status-publish","hentry"],"yoast_head":"<!-- This site is optimized with the Yoast SEO plugin v27.4 - https:\/\/yoast.com\/product\/yoast-seo-wordpress\/ -->\n<title>Amaya Hunab - Entrenamiento Online - Empod\u00e9rate a ti y a Otros.<\/title>\n<meta name=\"description\" content=\"Entrenamiento Online de Empoderamiento Consciente. \u00a1Empod\u00e9rate a ti y a otros! Manifiesta la vida que sue\u00f1as y mereces con herramientas transracionales.\" \/>\n<meta name=\"robots\" content=\"index, follow, max-snippet:-1, max-image-preview:large, max-video-preview:-1\" \/>\n<link rel=\"canonical\" href=\"https:\/\/amayahunab.com\/en\/entrenamiento-online\/\" \/>\n<meta property=\"og:locale\" content=\"en_US\" \/>\n<meta property=\"og:type\" content=\"article\" \/>\n<meta property=\"og:title\" content=\"Amaya Hunab - Entrenamiento Online - Empod\u00e9rate a ti y a Otros.\" \/>\n<meta property=\"og:description\" content=\"Entrenamiento Online de Empoderamiento Consciente. \u00a1Empod\u00e9rate a ti y a otros! Manifiesta la vida que sue\u00f1as y mereces con herramientas transracionales.\" \/>\n<meta property=\"og:url\" content=\"https:\/\/amayahunab.com\/en\/entrenamiento-online\/\" \/>\n<meta property=\"og:site_name\" content=\"Amaya Hunab\" \/>\n<meta property=\"article:modified_time\" content=\"2026-04-26T17:15:55+00:00\" \/>\n<meta property=\"og:image\" content=\"https:\/\/amayahunab.com\/wp-content\/uploads\/2020\/03\/REWIRE-Logo-Color-White-1024x295.png\" \/>\n<meta name=\"twitter:card\" content=\"summary_large_image\" \/>\n<meta name=\"twitter:label1\" content=\"Est. reading time\" \/>\n\t<meta name=\"twitter:data1\" content=\"4 minutes\" \/>\n<script type=\"application\/ld+json\" class=\"yoast-schema-graph\">{\"@context\":\"https:\\\/\\\/schema.org\",\"@graph\":[{\"@type\":\"WebPage\",\"@id\":\"https:\\\/\\\/amayahunab.com\\\/entrenamiento-online\\\/\",\"url\":\"https:\\\/\\\/amayahunab.com\\\/entrenamiento-online\\\/\",\"name\":\"Amaya Hunab - Entrenamiento Online - Empod\u00e9rate a ti y a Otros.\",\"isPartOf\":{\"@id\":\"https:\\\/\\\/amayahunab.com\\\/#website\"},\"primaryImageOfPage\":{\"@id\":\"https:\\\/\\\/amayahunab.com\\\/entrenamiento-online\\\/#primaryimage\"},\"image\":{\"@id\":\"https:\\\/\\\/amayahunab.com\\\/entrenamiento-online\\\/#primaryimage\"},\"thumbnailUrl\":\"https:\\\/\\\/amayahunab.com\\\/wp-content\\\/uploads\\\/2020\\\/03\\\/REWIRE-Logo-Color-White-1024x295.png\",\"datePublished\":\"2020-03-22T15:00:34+00:00\",\"dateModified\":\"2026-04-26T17:15:55+00:00\",\"description\":\"Entrenamiento Online de Empoderamiento Consciente. \u00a1Empod\u00e9rate a ti y a otros! Manifiesta la vida que sue\u00f1as y mereces con herramientas transracionales.\",\"breadcrumb\":{\"@id\":\"https:\\\/\\\/amayahunab.com\\\/entrenamiento-online\\\/#breadcrumb\"},\"inLanguage\":\"en-US\",\"potentialAction\":[{\"@type\":\"ReadAction\",\"target\":[\"https:\\\/\\\/amayahunab.com\\\/entrenamiento-online\\\/\"]}]},{\"@type\":\"ImageObject\",\"inLanguage\":\"en-US\",\"@id\":\"https:\\\/\\\/amayahunab.com\\\/entrenamiento-online\\\/#primaryimage\",\"url\":\"https:\\\/\\\/amayahunab.com\\\/wp-content\\\/uploads\\\/2020\\\/03\\\/REWIRE-Logo-Color-White-1024x295.png\",\"contentUrl\":\"https:\\\/\\\/amayahunab.com\\\/wp-content\\\/uploads\\\/2020\\\/03\\\/REWIRE-Logo-Color-White-1024x295.png\"},{\"@type\":\"BreadcrumbList\",\"@id\":\"https:\\\/\\\/amayahunab.com\\\/entrenamiento-online\\\/#breadcrumb\",\"itemListElement\":[{\"@type\":\"ListItem\",\"position\":1,\"name\":\"Inicio\",\"item\":\"https:\\\/\\\/amayahunab.com\\\/\"},{\"@type\":\"ListItem\",\"position\":2,\"name\":\"Entrenamiento Online\"}]},{\"@type\":\"WebSite\",\"@id\":\"https:\\\/\\\/amayahunab.com\\\/#website\",\"url\":\"https:\\\/\\\/amayahunab.com\\\/\",\"name\":\"Amaya Hunab\",\"description\":\"Artista | Humano | Viajero C\u00f3smico\",\"publisher\":{\"@id\":\"https:\\\/\\\/amayahunab.com\\\/#organization\"},\"potentialAction\":[{\"@type\":\"SearchAction\",\"target\":{\"@type\":\"EntryPoint\",\"urlTemplate\":\"https:\\\/\\\/amayahunab.com\\\/?s={search_term_string}\"},\"query-input\":{\"@type\":\"PropertyValueSpecification\",\"valueRequired\":true,\"valueName\":\"search_term_string\"}}],\"inLanguage\":\"en-US\"},{\"@type\":\"Organization\",\"@id\":\"https:\\\/\\\/amayahunab.com\\\/#organization\",\"name\":\"Rewire\",\"url\":\"https:\\\/\\\/amayahunab.com\\\/\",\"logo\":{\"@type\":\"ImageObject\",\"inLanguage\":\"en-US\",\"@id\":\"https:\\\/\\\/amayahunab.com\\\/#\\\/schema\\\/logo\\\/image\\\/\",\"url\":\"\",\"contentUrl\":\"\",\"caption\":\"Rewire\"},\"image\":{\"@id\":\"https:\\\/\\\/amayahunab.com\\\/#\\\/schema\\\/logo\\\/image\\\/\"}}]}<\/script>\n<!-- \/ Yoast SEO plugin. -->","yoast_head_json":{"title":"Amaya Hunab - Entrenamiento Online - Empod\u00e9rate a ti y a Otros.","description":"Entrenamiento Online de Empoderamiento Consciente. \u00a1Empod\u00e9rate a ti y a otros! Manifiesta la vida que sue\u00f1as y mereces con herramientas transracionales.","robots":{"index":"index","follow":"follow","max-snippet":"max-snippet:-1","max-image-preview":"max-image-preview:large","max-video-preview":"max-video-preview:-1"},"canonical":"https:\/\/amayahunab.com\/en\/entrenamiento-online\/","og_locale":"en_US","og_type":"article","og_title":"Amaya Hunab - Entrenamiento Online - Empod\u00e9rate a ti y a Otros.","og_description":"Entrenamiento Online de Empoderamiento Consciente. \u00a1Empod\u00e9rate a ti y a otros! Manifiesta la vida que sue\u00f1as y mereces con herramientas transracionales.","og_url":"https:\/\/amayahunab.com\/en\/entrenamiento-online\/","og_site_name":"Amaya Hunab","article_modified_time":"2026-04-26T17:15:55+00:00","og_image":[{"url":"https:\/\/amayahunab.com\/wp-content\/uploads\/2020\/03\/REWIRE-Logo-Color-White-1024x295.png","type":"","width":"","height":""}],"twitter_card":"summary_large_image","twitter_misc":{"Est. reading time":"4 minutes"},"schema":{"@context":"https:\/\/schema.org","@graph":[{"@type":"WebPage","@id":"https:\/\/amayahunab.com\/entrenamiento-online\/","url":"https:\/\/amayahunab.com\/entrenamiento-online\/","name":"Amaya Hunab - Entrenamiento Online - Empod\u00e9rate a ti y a Otros.","isPartOf":{"@id":"https:\/\/amayahunab.com\/#website"},"primaryImageOfPage":{"@id":"https:\/\/amayahunab.com\/entrenamiento-online\/#primaryimage"},"image":{"@id":"https:\/\/amayahunab.com\/entrenamiento-online\/#primaryimage"},"thumbnailUrl":"https:\/\/amayahunab.com\/wp-content\/uploads\/2020\/03\/REWIRE-Logo-Color-White-1024x295.png","datePublished":"2020-03-22T15:00:34+00:00","dateModified":"2026-04-26T17:15:55+00:00","description":"Entrenamiento Online de Empoderamiento Consciente. \u00a1Empod\u00e9rate a ti y a otros! Manifiesta la vida que sue\u00f1as y mereces con herramientas transracionales.","breadcrumb":{"@id":"https:\/\/amayahunab.com\/entrenamiento-online\/#breadcrumb"},"inLanguage":"en-US","potentialAction":[{"@type":"ReadAction","target":["https:\/\/amayahunab.com\/entrenamiento-online\/"]}]},{"@type":"ImageObject","inLanguage":"en-US","@id":"https:\/\/amayahunab.com\/entrenamiento-online\/#primaryimage","url":"https:\/\/amayahunab.com\/wp-content\/uploads\/2020\/03\/REWIRE-Logo-Color-White-1024x295.png","contentUrl":"https:\/\/amayahunab.com\/wp-content\/uploads\/2020\/03\/REWIRE-Logo-Color-White-1024x295.png"},{"@type":"BreadcrumbList","@id":"https:\/\/amayahunab.com\/entrenamiento-online\/#breadcrumb","itemListElement":[{"@type":"ListItem","position":1,"name":"Inicio","item":"https:\/\/amayahunab.com\/"},{"@type":"ListItem","position":2,"name":"Entrenamiento Online"}]},{"@type":"WebSite","@id":"https:\/\/amayahunab.com\/#website","url":"https:\/\/amayahunab.com\/","name":"Amaya Hunab","description":"Artist | Human | Cosmic Traveler","publisher":{"@id":"https:\/\/amayahunab.com\/#organization"},"potentialAction":[{"@type":"SearchAction","target":{"@type":"EntryPoint","urlTemplate":"https:\/\/amayahunab.com\/?s={search_term_string}"},"query-input":{"@type":"PropertyValueSpecification","valueRequired":true,"valueName":"search_term_string"}}],"inLanguage":"en-US"},{"@type":"Organization","@id":"https:\/\/amayahunab.com\/#organization","name":"Rewire","url":"https:\/\/amayahunab.com\/","logo":{"@type":"ImageObject","inLanguage":"en-US","@id":"https:\/\/amayahunab.com\/#\/schema\/logo\/image\/","url":"","contentUrl":"","caption":"Rewire"},"image":{"@id":"https:\/\/amayahunab.com\/#\/schema\/logo\/image\/"}}]}},"_links":{"self":[{"href":"https:\/\/amayahunab.com\/en\/wp-json\/wp\/v2\/pages\/111","targetHints":{"allow":["GET"]}}],"collection":[{"href":"https:\/\/amayahunab.com\/en\/wp-json\/wp\/v2\/pages"}],"about":[{"href":"https:\/\/amayahunab.com\/en\/wp-json\/wp\/v2\/types\/page"}],"author":[{"embeddable":true,"href":"https:\/\/amayahunab.com\/en\/wp-json\/wp\/v2\/users\/2"}],"replies":[{"embeddable":true,"href":"https:\/\/amayahunab.com\/en\/wp-json\/wp\/v2\/comments?post=111"}],"version-history":[{"count":48,"href":"https:\/\/amayahunab.com\/en\/wp-json\/wp\/v2\/pages\/111\/revisions"}],"predecessor-version":[{"id":660,"href":"https:\/\/amayahunab.com\/en\/wp-json\/wp\/v2\/pages\/111\/revisions\/660"}],"wp:attachment":[{"href":"https:\/\/amayahunab.com\/en\/wp-json\/wp\/v2\/media?parent=111"}],"curies":[{"name":"wp","href":"https:\/\/api.w.org\/{rel}","templated":true}]}}