{"id":1193,"date":"2023-05-12T13:32:53","date_gmt":"2023-05-12T18:32:53","guid":{"rendered":"https:\/\/amayahunab.com\/?post_type=product&#038;p=1193"},"modified":"2023-12-26T17:46:12","modified_gmt":"2023-12-26T23:46:12","slug":"decretos","status":"publish","type":"product","link":"https:\/\/amayahunab.com\/en\/product\/decretos\/","title":{"rendered":"Donate for the book &quot;Decrees&quot;"},"content":{"rendered":"<div class=\"pp-heading pp-left\">\n<div class=\"pp-heading pp-left\">\n<p>I have finally released to the public a jewel that I have kept for many years. I am talking about my book &quot;Decrees&quot;, a work inspired by the Toltec culture that contains powerful tools to transform our reality through the conscious and effective use of words.<\/p>\n<p>In this book you will find a practical guide for the use of decrees, those powerful affirmations that can change the course of our lives. I will teach you how to use words to express our desires and achieve our deepest goals. I will show you how language is a powerful tool to transform our reality and create a life full of love, peace and harmony.<\/p>\n<p>I have put a lot of effort and love into the creation of this book, and I have written it with all those people who want to explore the power of the word and consciously and effectively transform their lives in mind. I invite you to be part of this project, to donate and help us bring the science of the word to more people.<\/p>\n<p>Your generosity will allow us to reach further and touch more hearts. We are sure that together we can create a true revolution in the use of the word, and bring this powerful tool to those who need it most.<\/p>\n<p>I thank you in advance for your support, your love and your generosity. With your donation, you will be contributing to create a better world, full of love and harmony.<\/p>\n<\/div>\n<\/div>","protected":false},"excerpt":{"rendered":"<h3>Thank you very much for your valuable support!<\/h3>\n<p>This book is a gem, <strong>free to read below on the page<\/strong>, and I&#039;m sure you will enjoy it a lot. \u201cDecrees: The Science of the Word and its Hidden Power\u201d is a book inspired by the Toltec culture that teaches the importance of conscious use of words. In this text I share from my experience practical tools to use the decrees, powerful affirmations that can transform our reality, and teaches how language is a powerful tool to manifest our desires and achieve our goals. This book is a guide for those seeking to consciously and effectively transform their lives through the power of the word.<\/p>\n<p><strong>Thanks for rating.<\/strong><\/p>","protected":false},"featured_media":1181,"comment_status":"closed","ping_status":"closed","template":"","meta":{"_monsterinsights_skip_tracking":false,"_monsterinsights_sitenote_active":false,"_monsterinsights_sitenote_note":"","_monsterinsights_sitenote_category":0,"_uf_show_specific_survey":0,"_uf_disable_surveys":false},"product_brand":[],"product_cat":[44],"product_tag":[30],"class_list":{"0":"post-1193","1":"product","2":"type-product","3":"status-publish","4":"has-post-thumbnail","6":"product_cat-libros","7":"product_tag-donativo","9":"first","10":"instock","11":"downloadable","12":"virtual","13":"sold-individually","14":"purchasable","15":"product-type-donation"},"yoast_head":"<!-- This site is optimized with the Yoast SEO plugin v27.3 - https:\/\/yoast.com\/product\/yoast-seo-wordpress\/ -->\n<title>Donar para el libro &quot;Decretos&quot; - Amaya Hunab<\/title>\n<meta name=\"robots\" content=\"index, follow, max-snippet:-1, max-image-preview:large, max-video-preview:-1\" \/>\n<link rel=\"canonical\" href=\"https:\/\/amayahunab.com\/en\/product\/decretos\/\" \/>\n<meta property=\"og:locale\" content=\"en_US\" \/>\n<meta property=\"og:type\" content=\"article\" \/>\n<meta property=\"og:title\" content=\"Donar para el libro &quot;Decretos&quot; - Amaya Hunab\" \/>\n<meta property=\"og:description\" content=\"\u00a1Muchas gracias por tu valioso apoyo! Este libro es una joya, libre de su lectura m\u00e1s abajo en la p\u00e1gina, y estoy seguro que lo disfrutar\u00e1s mucho. &quot;Decretos: La Ciencia de la Palabra y su Poder Oculto&quot; es un libro inspirado en la cultura tolteca que ense\u00f1a la importancia del uso consciente de las palabras. En este texto comparto desde mi experiencia herramientas pr\u00e1cticas para utilizar los decretos, afirmaciones poderosas que pueden transformar nuestra realidad, y ense\u00f1a c\u00f3mo el lenguaje es una herramienta poderosa para manifestar nuestros deseos y alcanzar nuestras metas. Este libro es una gu\u00eda para aquellos que buscan transformar su vida de manera consciente y efectiva a trav\u00e9s del poder de la palabra.  Gracias por valorar.\" \/>\n<meta property=\"og:url\" content=\"https:\/\/amayahunab.com\/en\/product\/decretos\/\" \/>\n<meta property=\"og:site_name\" content=\"Amaya Hunab\" \/>\n<meta property=\"article:modified_time\" content=\"2023-12-26T23:46:12+00:00\" \/>\n<meta property=\"og:image\" content=\"https:\/\/amayahunab.com\/wp-content\/uploads\/2023\/05\/Decretos-Portada-Oficial-mid.jpg\" \/>\n\t<meta property=\"og:image:width\" content=\"1920\" \/>\n\t<meta property=\"og:image:height\" content=\"1920\" \/>\n\t<meta property=\"og:image:type\" content=\"image\/jpeg\" \/>\n<meta name=\"twitter:card\" content=\"summary_large_image\" \/>\n<meta name=\"twitter:label1\" content=\"Est. reading time\" \/>\n\t<meta name=\"twitter:data1\" content=\"2 minutes\" \/>\n<script type=\"application\/ld+json\" class=\"yoast-schema-graph\">{\"@context\":\"https:\\\/\\\/schema.org\",\"@graph\":[{\"@type\":\"WebPage\",\"@id\":\"https:\\\/\\\/amayahunab.com\\\/producto\\\/decretos\\\/\",\"url\":\"https:\\\/\\\/amayahunab.com\\\/producto\\\/decretos\\\/\",\"name\":\"Donar para el libro \\\"Decretos\\\" - Amaya Hunab\",\"isPartOf\":{\"@id\":\"https:\\\/\\\/amayahunab.com\\\/#website\"},\"primaryImageOfPage\":{\"@id\":\"https:\\\/\\\/amayahunab.com\\\/producto\\\/decretos\\\/#primaryimage\"},\"image\":{\"@id\":\"https:\\\/\\\/amayahunab.com\\\/producto\\\/decretos\\\/#primaryimage\"},\"thumbnailUrl\":\"https:\\\/\\\/amayahunab.com\\\/wp-content\\\/uploads\\\/2023\\\/05\\\/Decretos-Portada-Oficial-mid.jpg\",\"datePublished\":\"2023-05-12T18:32:53+00:00\",\"dateModified\":\"2023-12-26T23:46:12+00:00\",\"breadcrumb\":{\"@id\":\"https:\\\/\\\/amayahunab.com\\\/producto\\\/decretos\\\/#breadcrumb\"},\"inLanguage\":\"en-US\",\"potentialAction\":[{\"@type\":\"ReadAction\",\"target\":[\"https:\\\/\\\/amayahunab.com\\\/producto\\\/decretos\\\/\"]}]},{\"@type\":\"ImageObject\",\"inLanguage\":\"en-US\",\"@id\":\"https:\\\/\\\/amayahunab.com\\\/producto\\\/decretos\\\/#primaryimage\",\"url\":\"https:\\\/\\\/amayahunab.com\\\/wp-content\\\/uploads\\\/2023\\\/05\\\/Decretos-Portada-Oficial-mid.jpg\",\"contentUrl\":\"https:\\\/\\\/amayahunab.com\\\/wp-content\\\/uploads\\\/2023\\\/05\\\/Decretos-Portada-Oficial-mid.jpg\",\"width\":1920,\"height\":1920,\"caption\":\"Decretos Portada Oficial - Hunab Amaya\"},{\"@type\":\"BreadcrumbList\",\"@id\":\"https:\\\/\\\/amayahunab.com\\\/producto\\\/decretos\\\/#breadcrumb\",\"itemListElement\":[{\"@type\":\"ListItem\",\"position\":1,\"name\":\"Inicio\",\"item\":\"https:\\\/\\\/amayahunab.com\\\/\"},{\"@type\":\"ListItem\",\"position\":2,\"name\":\"Tienda\",\"item\":\"https:\\\/\\\/amayahunab.com\\\/en\\\/tienda\\\/\"},{\"@type\":\"ListItem\",\"position\":3,\"name\":\"Donar para el libro &#8220;Decretos&#8221;\"}]},{\"@type\":\"WebSite\",\"@id\":\"https:\\\/\\\/amayahunab.com\\\/#website\",\"url\":\"https:\\\/\\\/amayahunab.com\\\/\",\"name\":\"Amaya Hunab\",\"description\":\"Artista | Humano | Viajero C\u00f3smico\",\"publisher\":{\"@id\":\"https:\\\/\\\/amayahunab.com\\\/#organization\"},\"potentialAction\":[{\"@type\":\"SearchAction\",\"target\":{\"@type\":\"EntryPoint\",\"urlTemplate\":\"https:\\\/\\\/amayahunab.com\\\/?s={search_term_string}\"},\"query-input\":{\"@type\":\"PropertyValueSpecification\",\"valueRequired\":true,\"valueName\":\"search_term_string\"}}],\"inLanguage\":\"en-US\"},{\"@type\":\"Organization\",\"@id\":\"https:\\\/\\\/amayahunab.com\\\/#organization\",\"name\":\"Rewire\",\"url\":\"https:\\\/\\\/amayahunab.com\\\/\",\"logo\":{\"@type\":\"ImageObject\",\"inLanguage\":\"en-US\",\"@id\":\"https:\\\/\\\/amayahunab.com\\\/#\\\/schema\\\/logo\\\/image\\\/\",\"url\":\"\",\"contentUrl\":\"\",\"caption\":\"Rewire\"},\"image\":{\"@id\":\"https:\\\/\\\/amayahunab.com\\\/#\\\/schema\\\/logo\\\/image\\\/\"}}]}<\/script>\n<!-- \/ Yoast SEO plugin. -->","yoast_head_json":{"title":"Donar para el libro \"Decretos\" - Amaya Hunab","robots":{"index":"index","follow":"follow","max-snippet":"max-snippet:-1","max-image-preview":"max-image-preview:large","max-video-preview":"max-video-preview:-1"},"canonical":"https:\/\/amayahunab.com\/en\/product\/decretos\/","og_locale":"en_US","og_type":"article","og_title":"Donar para el libro \"Decretos\" - Amaya Hunab","og_description":"\u00a1Muchas gracias por tu valioso apoyo! Este libro es una joya, libre de su lectura m\u00e1s abajo en la p\u00e1gina, y estoy seguro que lo disfrutar\u00e1s mucho. \"Decretos: La Ciencia de la Palabra y su Poder Oculto\" es un libro inspirado en la cultura tolteca que ense\u00f1a la importancia del uso consciente de las palabras. En este texto comparto desde mi experiencia herramientas pr\u00e1cticas para utilizar los decretos, afirmaciones poderosas que pueden transformar nuestra realidad, y ense\u00f1a c\u00f3mo el lenguaje es una herramienta poderosa para manifestar nuestros deseos y alcanzar nuestras metas. Este libro es una gu\u00eda para aquellos que buscan transformar su vida de manera consciente y efectiva a trav\u00e9s del poder de la palabra.  Gracias por valorar.","og_url":"https:\/\/amayahunab.com\/en\/product\/decretos\/","og_site_name":"Amaya Hunab","article_modified_time":"2023-12-26T23:46:12+00:00","og_image":[{"width":1920,"height":1920,"url":"https:\/\/amayahunab.com\/wp-content\/uploads\/2023\/05\/Decretos-Portada-Oficial-mid.jpg","type":"image\/jpeg"}],"twitter_card":"summary_large_image","twitter_misc":{"Est. reading time":"2 minutes"},"schema":{"@context":"https:\/\/schema.org","@graph":[{"@type":"WebPage","@id":"https:\/\/amayahunab.com\/producto\/decretos\/","url":"https:\/\/amayahunab.com\/producto\/decretos\/","name":"Donar para el libro \"Decretos\" - Amaya Hunab","isPartOf":{"@id":"https:\/\/amayahunab.com\/#website"},"primaryImageOfPage":{"@id":"https:\/\/amayahunab.com\/producto\/decretos\/#primaryimage"},"image":{"@id":"https:\/\/amayahunab.com\/producto\/decretos\/#primaryimage"},"thumbnailUrl":"https:\/\/amayahunab.com\/wp-content\/uploads\/2023\/05\/Decretos-Portada-Oficial-mid.jpg","datePublished":"2023-05-12T18:32:53+00:00","dateModified":"2023-12-26T23:46:12+00:00","breadcrumb":{"@id":"https:\/\/amayahunab.com\/producto\/decretos\/#breadcrumb"},"inLanguage":"en-US","potentialAction":[{"@type":"ReadAction","target":["https:\/\/amayahunab.com\/producto\/decretos\/"]}]},{"@type":"ImageObject","inLanguage":"en-US","@id":"https:\/\/amayahunab.com\/producto\/decretos\/#primaryimage","url":"https:\/\/amayahunab.com\/wp-content\/uploads\/2023\/05\/Decretos-Portada-Oficial-mid.jpg","contentUrl":"https:\/\/amayahunab.com\/wp-content\/uploads\/2023\/05\/Decretos-Portada-Oficial-mid.jpg","width":1920,"height":1920,"caption":"Decretos Portada Oficial - Hunab Amaya"},{"@type":"BreadcrumbList","@id":"https:\/\/amayahunab.com\/producto\/decretos\/#breadcrumb","itemListElement":[{"@type":"ListItem","position":1,"name":"Inicio","item":"https:\/\/amayahunab.com\/"},{"@type":"ListItem","position":2,"name":"Tienda","item":"https:\/\/amayahunab.com\/en\/tienda\/"},{"@type":"ListItem","position":3,"name":"Donar para el libro &#8220;Decretos&#8221;"}]},{"@type":"WebSite","@id":"https:\/\/amayahunab.com\/#website","url":"https:\/\/amayahunab.com\/","name":"Amaya Hunab","description":"Artist | Human | Cosmic Traveler","publisher":{"@id":"https:\/\/amayahunab.com\/#organization"},"potentialAction":[{"@type":"SearchAction","target":{"@type":"EntryPoint","urlTemplate":"https:\/\/amayahunab.com\/?s={search_term_string}"},"query-input":{"@type":"PropertyValueSpecification","valueRequired":true,"valueName":"search_term_string"}}],"inLanguage":"en-US"},{"@type":"Organization","@id":"https:\/\/amayahunab.com\/#organization","name":"Rewire","url":"https:\/\/amayahunab.com\/","logo":{"@type":"ImageObject","inLanguage":"en-US","@id":"https:\/\/amayahunab.com\/#\/schema\/logo\/image\/","url":"","contentUrl":"","caption":"Rewire"},"image":{"@id":"https:\/\/amayahunab.com\/#\/schema\/logo\/image\/"}}]}},"_links":{"self":[{"href":"https:\/\/amayahunab.com\/en\/wp-json\/wp\/v2\/product\/1193","targetHints":{"allow":["GET"]}}],"collection":[{"href":"https:\/\/amayahunab.com\/en\/wp-json\/wp\/v2\/product"}],"about":[{"href":"https:\/\/amayahunab.com\/en\/wp-json\/wp\/v2\/types\/product"}],"replies":[{"embeddable":true,"href":"https:\/\/amayahunab.com\/en\/wp-json\/wp\/v2\/comments?post=1193"}],"wp:featuredmedia":[{"embeddable":true,"href":"https:\/\/amayahunab.com\/en\/wp-json\/wp\/v2\/media\/1181"}],"wp:attachment":[{"href":"https:\/\/amayahunab.com\/en\/wp-json\/wp\/v2\/media?parent=1193"}],"wp:term":[{"taxonomy":"product_brand","embeddable":true,"href":"https:\/\/amayahunab.com\/en\/wp-json\/wp\/v2\/product_brand?post=1193"},{"taxonomy":"product_cat","embeddable":true,"href":"https:\/\/amayahunab.com\/en\/wp-json\/wp\/v2\/product_cat?post=1193"},{"taxonomy":"product_tag","embeddable":true,"href":"https:\/\/amayahunab.com\/en\/wp-json\/wp\/v2\/product_tag?post=1193"}],"curies":[{"name":"wp","href":"https:\/\/api.w.org\/{rel}","templated":true}]}}