{"id":1213,"date":"2023-05-12T16:33:33","date_gmt":"2023-05-12T21:33:33","guid":{"rendered":"https:\/\/amayahunab.com\/?post_type=product&#038;p=1213"},"modified":"2023-12-26T17:52:07","modified_gmt":"2023-12-26T23:52:07","slug":"portal-al-infinito","status":"publish","type":"product","link":"https:\/\/amayahunab.com\/en\/product\/portal-al-infinito\/","title":{"rendered":"Donate for the book &quot;Portal to Infinity&quot;"},"content":{"rendered":"<div class=\"pp-heading pp-left\">\n<div class=\"pp-heading pp-left\">\n<p>I would like to extend an invitation to a treasure as precious as art itself: the journey into the depths of our minds and the enigmas of our dreams. I am talking about my literary work, \u201cEl Portal Infinito\u201d, a captivating journey towards the realms of dreamlike lucidity, where unique and powerful tools are displayed to elevate our existence to a new splendor.<\/p>\n<p>This compendium emanates from honest care and love, conceived for those restless hearts that yearn to unveil the unsuspected mysteries that nest in their minds. It is an invitation to plunge into the universe of dreams, unraveling the potential that exists in the depths of our being, connecting with the transcendent.<\/p>\n<p>Through dreams, we connect with our purest and most awakened essence, discovering that within us resides an infinite universe of possibilities and limitless potential. The power of dreams lies in their ability to transcend the limits of everyday life, freeing our minds and allowing us to fly towards unexplored horizons. In dreams, we are free to defy the laws of time and space, exploring unknown dimensions and discovering our innate ability to transcend the limits imposed by reality.<\/p>\n<p>I invite you to be part of this project, to donate and join this adventure of knowledge. With your generosity, we will pave the way for more souls to find these tools that will shape their destinies forever. Donations will allow us to expand the information, touching the hearts of an even larger audience.<\/p>\n<p>I thank you in advance for your support, your love and your generosity.<\/p>\n<\/div>\n<\/div>","protected":false},"excerpt":{"rendered":"<h3>Thank you very much for your valuable support!<\/h3>\n<p>This book is a true treasure for exploring the fascinating world of lucid dreaming. <strong>It&#039;s free to read below on this page.<\/strong>. In it, I share much of the path to being a master of your own dreams, and how to use the dream world as a powerful tool to transform your life.<\/p>\n<p>At 14 years old I had the opportunity to practice dreaming constantly, achieving results worth sharing and that changed my life forever; fabrics of realities that come together in the mystery of our consciousness.<\/p>\n<p><strong>Thanks for rating.<\/strong><\/p>","protected":false},"featured_media":1211,"comment_status":"closed","ping_status":"closed","template":"","meta":{"_monsterinsights_skip_tracking":false,"_monsterinsights_sitenote_active":false,"_monsterinsights_sitenote_note":"","_monsterinsights_sitenote_category":0,"_uf_show_specific_survey":0,"_uf_disable_surveys":false},"product_brand":[],"product_cat":[44],"product_tag":[30],"class_list":{"0":"post-1213","1":"product","2":"type-product","3":"status-publish","4":"has-post-thumbnail","6":"product_cat-libros","7":"product_tag-donativo","9":"first","10":"instock","11":"downloadable","12":"virtual","13":"sold-individually","14":"purchasable","15":"product-type-donation"},"yoast_head":"<!-- This site is optimized with the Yoast SEO plugin v27.3 - https:\/\/yoast.com\/product\/yoast-seo-wordpress\/ -->\n<title>Donar para el libro &quot;Portal al Infinito&quot; - Amaya Hunab<\/title>\n<meta name=\"robots\" content=\"index, follow, max-snippet:-1, max-image-preview:large, max-video-preview:-1\" \/>\n<link rel=\"canonical\" href=\"https:\/\/amayahunab.com\/en\/product\/portal-al-infinito\/\" \/>\n<meta property=\"og:locale\" content=\"en_US\" \/>\n<meta property=\"og:type\" content=\"article\" \/>\n<meta property=\"og:title\" content=\"Donar para el libro &quot;Portal al Infinito&quot; - Amaya Hunab\" \/>\n<meta property=\"og:description\" content=\"\u00a1Muchas gracias por tu valioso apoyo! Este libro es un verdadero tesoro para explorar el fascinante mundo de los sue\u00f1os l\u00facidos. Es gratuito de leer m\u00e1s abajo en esta p\u00e1gina. En \u00e9l, comparto gran parte del camino a ser maestro de los propios sue\u00f1os, y c\u00f3mo usar el mundo on\u00edrico como una herramienta poderosa para transformar la vida.  A los 14 a\u00f1os de edad tuve la oportunidad de practicar la enso\u00f1aci\u00f3n de manera constante, alcanzando resultados dignos de compartir y que cambiaron mi vida para siempre; tejidos de realidades que se conjuntan en el misterio de nuestra conciencia.  Gracias por valorar.\" \/>\n<meta property=\"og:url\" content=\"https:\/\/amayahunab.com\/en\/product\/portal-al-infinito\/\" \/>\n<meta property=\"og:site_name\" content=\"Amaya Hunab\" \/>\n<meta property=\"article:modified_time\" content=\"2023-12-26T23:52:07+00:00\" \/>\n<meta property=\"og:image\" content=\"https:\/\/amayahunab.com\/wp-content\/uploads\/2023\/05\/Portal-al-Infinito-Hunab-Amaya-mid.jpg\" \/>\n\t<meta property=\"og:image:width\" content=\"1344\" \/>\n\t<meta property=\"og:image:height\" content=\"1344\" \/>\n\t<meta property=\"og:image:type\" content=\"image\/jpeg\" \/>\n<meta name=\"twitter:card\" content=\"summary_large_image\" \/>\n<meta name=\"twitter:label1\" content=\"Est. reading time\" \/>\n\t<meta name=\"twitter:data1\" content=\"2 minutes\" \/>\n<script type=\"application\/ld+json\" class=\"yoast-schema-graph\">{\"@context\":\"https:\\\/\\\/schema.org\",\"@graph\":[{\"@type\":\"WebPage\",\"@id\":\"https:\\\/\\\/amayahunab.com\\\/producto\\\/portal-al-infinito\\\/\",\"url\":\"https:\\\/\\\/amayahunab.com\\\/producto\\\/portal-al-infinito\\\/\",\"name\":\"Donar para el libro \\\"Portal al Infinito\\\" - Amaya Hunab\",\"isPartOf\":{\"@id\":\"https:\\\/\\\/amayahunab.com\\\/#website\"},\"primaryImageOfPage\":{\"@id\":\"https:\\\/\\\/amayahunab.com\\\/producto\\\/portal-al-infinito\\\/#primaryimage\"},\"image\":{\"@id\":\"https:\\\/\\\/amayahunab.com\\\/producto\\\/portal-al-infinito\\\/#primaryimage\"},\"thumbnailUrl\":\"https:\\\/\\\/amayahunab.com\\\/wp-content\\\/uploads\\\/2023\\\/05\\\/Portal-al-Infinito-Hunab-Amaya-mid.jpg\",\"datePublished\":\"2023-05-12T21:33:33+00:00\",\"dateModified\":\"2023-12-26T23:52:07+00:00\",\"breadcrumb\":{\"@id\":\"https:\\\/\\\/amayahunab.com\\\/producto\\\/portal-al-infinito\\\/#breadcrumb\"},\"inLanguage\":\"en-US\",\"potentialAction\":[{\"@type\":\"ReadAction\",\"target\":[\"https:\\\/\\\/amayahunab.com\\\/producto\\\/portal-al-infinito\\\/\"]}]},{\"@type\":\"ImageObject\",\"inLanguage\":\"en-US\",\"@id\":\"https:\\\/\\\/amayahunab.com\\\/producto\\\/portal-al-infinito\\\/#primaryimage\",\"url\":\"https:\\\/\\\/amayahunab.com\\\/wp-content\\\/uploads\\\/2023\\\/05\\\/Portal-al-Infinito-Hunab-Amaya-mid.jpg\",\"contentUrl\":\"https:\\\/\\\/amayahunab.com\\\/wp-content\\\/uploads\\\/2023\\\/05\\\/Portal-al-Infinito-Hunab-Amaya-mid.jpg\",\"width\":1344,\"height\":1344},{\"@type\":\"BreadcrumbList\",\"@id\":\"https:\\\/\\\/amayahunab.com\\\/producto\\\/portal-al-infinito\\\/#breadcrumb\",\"itemListElement\":[{\"@type\":\"ListItem\",\"position\":1,\"name\":\"Inicio\",\"item\":\"https:\\\/\\\/amayahunab.com\\\/\"},{\"@type\":\"ListItem\",\"position\":2,\"name\":\"Tienda\",\"item\":\"https:\\\/\\\/amayahunab.com\\\/en\\\/tienda\\\/\"},{\"@type\":\"ListItem\",\"position\":3,\"name\":\"Donar para el libro &#8220;Portal al Infinito&#8221;\"}]},{\"@type\":\"WebSite\",\"@id\":\"https:\\\/\\\/amayahunab.com\\\/#website\",\"url\":\"https:\\\/\\\/amayahunab.com\\\/\",\"name\":\"Amaya Hunab\",\"description\":\"Artista | Humano | Viajero C\u00f3smico\",\"publisher\":{\"@id\":\"https:\\\/\\\/amayahunab.com\\\/#organization\"},\"potentialAction\":[{\"@type\":\"SearchAction\",\"target\":{\"@type\":\"EntryPoint\",\"urlTemplate\":\"https:\\\/\\\/amayahunab.com\\\/?s={search_term_string}\"},\"query-input\":{\"@type\":\"PropertyValueSpecification\",\"valueRequired\":true,\"valueName\":\"search_term_string\"}}],\"inLanguage\":\"en-US\"},{\"@type\":\"Organization\",\"@id\":\"https:\\\/\\\/amayahunab.com\\\/#organization\",\"name\":\"Rewire\",\"url\":\"https:\\\/\\\/amayahunab.com\\\/\",\"logo\":{\"@type\":\"ImageObject\",\"inLanguage\":\"en-US\",\"@id\":\"https:\\\/\\\/amayahunab.com\\\/#\\\/schema\\\/logo\\\/image\\\/\",\"url\":\"\",\"contentUrl\":\"\",\"caption\":\"Rewire\"},\"image\":{\"@id\":\"https:\\\/\\\/amayahunab.com\\\/#\\\/schema\\\/logo\\\/image\\\/\"}}]}<\/script>\n<!-- \/ Yoast SEO plugin. -->","yoast_head_json":{"title":"Donar para el libro \"Portal al Infinito\" - Amaya Hunab","robots":{"index":"index","follow":"follow","max-snippet":"max-snippet:-1","max-image-preview":"max-image-preview:large","max-video-preview":"max-video-preview:-1"},"canonical":"https:\/\/amayahunab.com\/en\/product\/portal-al-infinito\/","og_locale":"en_US","og_type":"article","og_title":"Donar para el libro \"Portal al Infinito\" - Amaya Hunab","og_description":"\u00a1Muchas gracias por tu valioso apoyo! Este libro es un verdadero tesoro para explorar el fascinante mundo de los sue\u00f1os l\u00facidos. Es gratuito de leer m\u00e1s abajo en esta p\u00e1gina. En \u00e9l, comparto gran parte del camino a ser maestro de los propios sue\u00f1os, y c\u00f3mo usar el mundo on\u00edrico como una herramienta poderosa para transformar la vida.  A los 14 a\u00f1os de edad tuve la oportunidad de practicar la enso\u00f1aci\u00f3n de manera constante, alcanzando resultados dignos de compartir y que cambiaron mi vida para siempre; tejidos de realidades que se conjuntan en el misterio de nuestra conciencia.  Gracias por valorar.","og_url":"https:\/\/amayahunab.com\/en\/product\/portal-al-infinito\/","og_site_name":"Amaya Hunab","article_modified_time":"2023-12-26T23:52:07+00:00","og_image":[{"width":1344,"height":1344,"url":"https:\/\/amayahunab.com\/wp-content\/uploads\/2023\/05\/Portal-al-Infinito-Hunab-Amaya-mid.jpg","type":"image\/jpeg"}],"twitter_card":"summary_large_image","twitter_misc":{"Est. reading time":"2 minutes"},"schema":{"@context":"https:\/\/schema.org","@graph":[{"@type":"WebPage","@id":"https:\/\/amayahunab.com\/producto\/portal-al-infinito\/","url":"https:\/\/amayahunab.com\/producto\/portal-al-infinito\/","name":"Donar para el libro \"Portal al Infinito\" - Amaya Hunab","isPartOf":{"@id":"https:\/\/amayahunab.com\/#website"},"primaryImageOfPage":{"@id":"https:\/\/amayahunab.com\/producto\/portal-al-infinito\/#primaryimage"},"image":{"@id":"https:\/\/amayahunab.com\/producto\/portal-al-infinito\/#primaryimage"},"thumbnailUrl":"https:\/\/amayahunab.com\/wp-content\/uploads\/2023\/05\/Portal-al-Infinito-Hunab-Amaya-mid.jpg","datePublished":"2023-05-12T21:33:33+00:00","dateModified":"2023-12-26T23:52:07+00:00","breadcrumb":{"@id":"https:\/\/amayahunab.com\/producto\/portal-al-infinito\/#breadcrumb"},"inLanguage":"en-US","potentialAction":[{"@type":"ReadAction","target":["https:\/\/amayahunab.com\/producto\/portal-al-infinito\/"]}]},{"@type":"ImageObject","inLanguage":"en-US","@id":"https:\/\/amayahunab.com\/producto\/portal-al-infinito\/#primaryimage","url":"https:\/\/amayahunab.com\/wp-content\/uploads\/2023\/05\/Portal-al-Infinito-Hunab-Amaya-mid.jpg","contentUrl":"https:\/\/amayahunab.com\/wp-content\/uploads\/2023\/05\/Portal-al-Infinito-Hunab-Amaya-mid.jpg","width":1344,"height":1344},{"@type":"BreadcrumbList","@id":"https:\/\/amayahunab.com\/producto\/portal-al-infinito\/#breadcrumb","itemListElement":[{"@type":"ListItem","position":1,"name":"Inicio","item":"https:\/\/amayahunab.com\/"},{"@type":"ListItem","position":2,"name":"Tienda","item":"https:\/\/amayahunab.com\/en\/tienda\/"},{"@type":"ListItem","position":3,"name":"Donar para el libro &#8220;Portal al Infinito&#8221;"}]},{"@type":"WebSite","@id":"https:\/\/amayahunab.com\/#website","url":"https:\/\/amayahunab.com\/","name":"Amaya Hunab","description":"Artist | Human | Cosmic Traveler","publisher":{"@id":"https:\/\/amayahunab.com\/#organization"},"potentialAction":[{"@type":"SearchAction","target":{"@type":"EntryPoint","urlTemplate":"https:\/\/amayahunab.com\/?s={search_term_string}"},"query-input":{"@type":"PropertyValueSpecification","valueRequired":true,"valueName":"search_term_string"}}],"inLanguage":"en-US"},{"@type":"Organization","@id":"https:\/\/amayahunab.com\/#organization","name":"Rewire","url":"https:\/\/amayahunab.com\/","logo":{"@type":"ImageObject","inLanguage":"en-US","@id":"https:\/\/amayahunab.com\/#\/schema\/logo\/image\/","url":"","contentUrl":"","caption":"Rewire"},"image":{"@id":"https:\/\/amayahunab.com\/#\/schema\/logo\/image\/"}}]}},"_links":{"self":[{"href":"https:\/\/amayahunab.com\/en\/wp-json\/wp\/v2\/product\/1213","targetHints":{"allow":["GET"]}}],"collection":[{"href":"https:\/\/amayahunab.com\/en\/wp-json\/wp\/v2\/product"}],"about":[{"href":"https:\/\/amayahunab.com\/en\/wp-json\/wp\/v2\/types\/product"}],"replies":[{"embeddable":true,"href":"https:\/\/amayahunab.com\/en\/wp-json\/wp\/v2\/comments?post=1213"}],"wp:featuredmedia":[{"embeddable":true,"href":"https:\/\/amayahunab.com\/en\/wp-json\/wp\/v2\/media\/1211"}],"wp:attachment":[{"href":"https:\/\/amayahunab.com\/en\/wp-json\/wp\/v2\/media?parent=1213"}],"wp:term":[{"taxonomy":"product_brand","embeddable":true,"href":"https:\/\/amayahunab.com\/en\/wp-json\/wp\/v2\/product_brand?post=1213"},{"taxonomy":"product_cat","embeddable":true,"href":"https:\/\/amayahunab.com\/en\/wp-json\/wp\/v2\/product_cat?post=1213"},{"taxonomy":"product_tag","embeddable":true,"href":"https:\/\/amayahunab.com\/en\/wp-json\/wp\/v2\/product_tag?post=1213"}],"curies":[{"name":"wp","href":"https:\/\/api.w.org\/{rel}","templated":true}]}}