{"id":545,"date":"2020-04-23T10:11:21","date_gmt":"2020-04-23T15:11:21","guid":{"rendered":"https:\/\/amayahunab.com\/?post_type=product&#038;p=545"},"modified":"2020-04-27T02:25:19","modified_gmt":"2020-04-27T07:25:19","slug":"team-coaching","status":"publish","type":"product","link":"https:\/\/amayahunab.com\/en\/product\/team-coaching\/","title":{"rendered":"Group Holistic Coaching"},"content":{"rendered":"<p>Human energy, when put at the service of a common good, is capable of achieving the nonexistent, the impossible, and even the unimaginable.<\/p>\n<blockquote><p>My mission in this life is to propel people to achieve highly challenging goals, and of course have fun in the process.<\/p><\/blockquote>\n<p>Our meeting can be face-to-face or online. Once the payment is made, I will send you my personal information by email to schedule our session <strong>within 24 hours<\/strong> at most.<\/p>\n<ul>\n<li>In case of being a session <strong>face-to-face<\/strong>:\n<ul>\n<li>We will schedule an available day and time.<\/li>\n<li>We will be able to agree on an easily accessible meeting point for the team.<\/li>\n<li>In case the team requires a visit, you will receive an additional quote for transportation costs.<\/li>\n<\/ul>\n<\/li>\n<li>In case of being a session <strong>on-line<\/strong>:\n<ul>\n<li>We will schedule an available day and time.<\/li>\n<li>I will provide my Zoom or Skype ID via email.<\/li>\n<\/ul>\n<\/li>\n<\/ul>\n<p>Make sure to include all your information when making the purchase and select in the cart the number of sessions you want to add.\u00a0<strong>Use the code &quot;5sessions&quot; to get a discount from the 10% when scheduling 5 sessions in the cart.<\/strong><\/p>","protected":false},"excerpt":{"rendered":"<p>Session of <strong>Group Holistic Coaching<\/strong> 60 minutes with Luis Hunab Amaya (<strong>English<\/strong> or <strong>Spanish<\/strong>). All details further down the description.<\/p>","protected":false},"featured_media":85,"comment_status":"open","ping_status":"closed","template":"","meta":{"_monsterinsights_skip_tracking":false,"_monsterinsights_sitenote_active":false,"_monsterinsights_sitenote_note":"","_monsterinsights_sitenote_category":0,"_uf_show_specific_survey":0,"_uf_disable_surveys":false},"product_brand":[],"product_cat":[27],"product_tag":[],"class_list":{"0":"post-545","1":"product","2":"type-product","3":"status-publish","4":"has-post-thumbnail","6":"product_cat-coaching","8":"first","9":"instock","10":"sale","11":"downloadable","12":"virtual","13":"purchasable","14":"product-type-simple"},"yoast_head":"<!-- This site is optimized with the Yoast SEO plugin v27.3 - https:\/\/yoast.com\/product\/yoast-seo-wordpress\/ -->\n<title>Coaching Hol\u00edstico Grupal - Amaya Hunab<\/title>\n<meta name=\"robots\" content=\"index, follow, max-snippet:-1, max-image-preview:large, max-video-preview:-1\" \/>\n<link rel=\"canonical\" href=\"https:\/\/amayahunab.com\/en\/product\/team-coaching\/\" \/>\n<meta property=\"og:locale\" content=\"en_US\" \/>\n<meta property=\"og:type\" content=\"article\" \/>\n<meta property=\"og:title\" content=\"Coaching Hol\u00edstico Grupal - Amaya Hunab\" \/>\n<meta property=\"og:description\" content=\"Sesi\u00f3n de Coaching Hol\u00edstico Grupal de 60 minutos con Luis Hunab Amaya (Ingl\u00e9s o Espa\u00f1ol). Todos los detalles m\u00e1s abajo en la descripci\u00f3n.\" \/>\n<meta property=\"og:url\" content=\"https:\/\/amayahunab.com\/en\/product\/team-coaching\/\" \/>\n<meta property=\"og:site_name\" content=\"Amaya Hunab\" \/>\n<meta property=\"article:modified_time\" content=\"2020-04-27T07:25:19+00:00\" \/>\n<meta property=\"og:image\" content=\"https:\/\/amayahunab.com\/wp-content\/uploads\/2020\/03\/Personal-Team-Coaching.jpg\" \/>\n\t<meta property=\"og:image:width\" content=\"1920\" \/>\n\t<meta property=\"og:image:height\" content=\"1228\" \/>\n\t<meta property=\"og:image:type\" content=\"image\/jpeg\" \/>\n<meta name=\"twitter:card\" content=\"summary_large_image\" \/>\n<meta name=\"twitter:label1\" content=\"Est. reading time\" \/>\n\t<meta name=\"twitter:data1\" content=\"1 minute\" \/>\n<script type=\"application\/ld+json\" class=\"yoast-schema-graph\">{\"@context\":\"https:\\\/\\\/schema.org\",\"@graph\":[{\"@type\":\"WebPage\",\"@id\":\"https:\\\/\\\/amayahunab.com\\\/producto\\\/team-coaching\\\/\",\"url\":\"https:\\\/\\\/amayahunab.com\\\/producto\\\/team-coaching\\\/\",\"name\":\"Coaching Hol\u00edstico Grupal - Amaya Hunab\",\"isPartOf\":{\"@id\":\"https:\\\/\\\/amayahunab.com\\\/#website\"},\"primaryImageOfPage\":{\"@id\":\"https:\\\/\\\/amayahunab.com\\\/producto\\\/team-coaching\\\/#primaryimage\"},\"image\":{\"@id\":\"https:\\\/\\\/amayahunab.com\\\/producto\\\/team-coaching\\\/#primaryimage\"},\"thumbnailUrl\":\"https:\\\/\\\/amayahunab.com\\\/wp-content\\\/uploads\\\/2020\\\/03\\\/Personal-Team-Coaching.jpg\",\"datePublished\":\"2020-04-23T15:11:21+00:00\",\"dateModified\":\"2020-04-27T07:25:19+00:00\",\"breadcrumb\":{\"@id\":\"https:\\\/\\\/amayahunab.com\\\/producto\\\/team-coaching\\\/#breadcrumb\"},\"inLanguage\":\"en-US\",\"potentialAction\":[{\"@type\":\"ReadAction\",\"target\":[\"https:\\\/\\\/amayahunab.com\\\/producto\\\/team-coaching\\\/\"]}]},{\"@type\":\"ImageObject\",\"inLanguage\":\"en-US\",\"@id\":\"https:\\\/\\\/amayahunab.com\\\/producto\\\/team-coaching\\\/#primaryimage\",\"url\":\"https:\\\/\\\/amayahunab.com\\\/wp-content\\\/uploads\\\/2020\\\/03\\\/Personal-Team-Coaching.jpg\",\"contentUrl\":\"https:\\\/\\\/amayahunab.com\\\/wp-content\\\/uploads\\\/2020\\\/03\\\/Personal-Team-Coaching.jpg\",\"width\":1920,\"height\":1228,\"caption\":\"Coaching REWIRE\"},{\"@type\":\"BreadcrumbList\",\"@id\":\"https:\\\/\\\/amayahunab.com\\\/producto\\\/team-coaching\\\/#breadcrumb\",\"itemListElement\":[{\"@type\":\"ListItem\",\"position\":1,\"name\":\"Inicio\",\"item\":\"https:\\\/\\\/amayahunab.com\\\/\"},{\"@type\":\"ListItem\",\"position\":2,\"name\":\"Tienda\",\"item\":\"https:\\\/\\\/amayahunab.com\\\/en\\\/tienda\\\/\"},{\"@type\":\"ListItem\",\"position\":3,\"name\":\"Coaching Hol\u00edstico Grupal\"}]},{\"@type\":\"WebSite\",\"@id\":\"https:\\\/\\\/amayahunab.com\\\/#website\",\"url\":\"https:\\\/\\\/amayahunab.com\\\/\",\"name\":\"Amaya Hunab\",\"description\":\"Artista | Humano | Viajero C\u00f3smico\",\"publisher\":{\"@id\":\"https:\\\/\\\/amayahunab.com\\\/#organization\"},\"potentialAction\":[{\"@type\":\"SearchAction\",\"target\":{\"@type\":\"EntryPoint\",\"urlTemplate\":\"https:\\\/\\\/amayahunab.com\\\/?s={search_term_string}\"},\"query-input\":{\"@type\":\"PropertyValueSpecification\",\"valueRequired\":true,\"valueName\":\"search_term_string\"}}],\"inLanguage\":\"en-US\"},{\"@type\":\"Organization\",\"@id\":\"https:\\\/\\\/amayahunab.com\\\/#organization\",\"name\":\"Rewire\",\"url\":\"https:\\\/\\\/amayahunab.com\\\/\",\"logo\":{\"@type\":\"ImageObject\",\"inLanguage\":\"en-US\",\"@id\":\"https:\\\/\\\/amayahunab.com\\\/#\\\/schema\\\/logo\\\/image\\\/\",\"url\":\"\",\"contentUrl\":\"\",\"caption\":\"Rewire\"},\"image\":{\"@id\":\"https:\\\/\\\/amayahunab.com\\\/#\\\/schema\\\/logo\\\/image\\\/\"}}]}<\/script>\n<!-- \/ Yoast SEO plugin. -->","yoast_head_json":{"title":"Coaching Hol\u00edstico Grupal - Amaya Hunab","robots":{"index":"index","follow":"follow","max-snippet":"max-snippet:-1","max-image-preview":"max-image-preview:large","max-video-preview":"max-video-preview:-1"},"canonical":"https:\/\/amayahunab.com\/en\/product\/team-coaching\/","og_locale":"en_US","og_type":"article","og_title":"Coaching Hol\u00edstico Grupal - Amaya Hunab","og_description":"Sesi\u00f3n de Coaching Hol\u00edstico Grupal de 60 minutos con Luis Hunab Amaya (Ingl\u00e9s o Espa\u00f1ol). Todos los detalles m\u00e1s abajo en la descripci\u00f3n.","og_url":"https:\/\/amayahunab.com\/en\/product\/team-coaching\/","og_site_name":"Amaya Hunab","article_modified_time":"2020-04-27T07:25:19+00:00","og_image":[{"width":1920,"height":1228,"url":"https:\/\/amayahunab.com\/wp-content\/uploads\/2020\/03\/Personal-Team-Coaching.jpg","type":"image\/jpeg"}],"twitter_card":"summary_large_image","twitter_misc":{"Est. reading time":"1 minute"},"schema":{"@context":"https:\/\/schema.org","@graph":[{"@type":"WebPage","@id":"https:\/\/amayahunab.com\/producto\/team-coaching\/","url":"https:\/\/amayahunab.com\/producto\/team-coaching\/","name":"Coaching Hol\u00edstico Grupal - Amaya Hunab","isPartOf":{"@id":"https:\/\/amayahunab.com\/#website"},"primaryImageOfPage":{"@id":"https:\/\/amayahunab.com\/producto\/team-coaching\/#primaryimage"},"image":{"@id":"https:\/\/amayahunab.com\/producto\/team-coaching\/#primaryimage"},"thumbnailUrl":"https:\/\/amayahunab.com\/wp-content\/uploads\/2020\/03\/Personal-Team-Coaching.jpg","datePublished":"2020-04-23T15:11:21+00:00","dateModified":"2020-04-27T07:25:19+00:00","breadcrumb":{"@id":"https:\/\/amayahunab.com\/producto\/team-coaching\/#breadcrumb"},"inLanguage":"en-US","potentialAction":[{"@type":"ReadAction","target":["https:\/\/amayahunab.com\/producto\/team-coaching\/"]}]},{"@type":"ImageObject","inLanguage":"en-US","@id":"https:\/\/amayahunab.com\/producto\/team-coaching\/#primaryimage","url":"https:\/\/amayahunab.com\/wp-content\/uploads\/2020\/03\/Personal-Team-Coaching.jpg","contentUrl":"https:\/\/amayahunab.com\/wp-content\/uploads\/2020\/03\/Personal-Team-Coaching.jpg","width":1920,"height":1228,"caption":"Coaching REWIRE"},{"@type":"BreadcrumbList","@id":"https:\/\/amayahunab.com\/producto\/team-coaching\/#breadcrumb","itemListElement":[{"@type":"ListItem","position":1,"name":"Inicio","item":"https:\/\/amayahunab.com\/"},{"@type":"ListItem","position":2,"name":"Tienda","item":"https:\/\/amayahunab.com\/en\/tienda\/"},{"@type":"ListItem","position":3,"name":"Coaching Hol\u00edstico Grupal"}]},{"@type":"WebSite","@id":"https:\/\/amayahunab.com\/#website","url":"https:\/\/amayahunab.com\/","name":"Amaya Hunab","description":"Artist | Human | Cosmic Traveler","publisher":{"@id":"https:\/\/amayahunab.com\/#organization"},"potentialAction":[{"@type":"SearchAction","target":{"@type":"EntryPoint","urlTemplate":"https:\/\/amayahunab.com\/?s={search_term_string}"},"query-input":{"@type":"PropertyValueSpecification","valueRequired":true,"valueName":"search_term_string"}}],"inLanguage":"en-US"},{"@type":"Organization","@id":"https:\/\/amayahunab.com\/#organization","name":"Rewire","url":"https:\/\/amayahunab.com\/","logo":{"@type":"ImageObject","inLanguage":"en-US","@id":"https:\/\/amayahunab.com\/#\/schema\/logo\/image\/","url":"","contentUrl":"","caption":"Rewire"},"image":{"@id":"https:\/\/amayahunab.com\/#\/schema\/logo\/image\/"}}]}},"_links":{"self":[{"href":"https:\/\/amayahunab.com\/en\/wp-json\/wp\/v2\/product\/545","targetHints":{"allow":["GET"]}}],"collection":[{"href":"https:\/\/amayahunab.com\/en\/wp-json\/wp\/v2\/product"}],"about":[{"href":"https:\/\/amayahunab.com\/en\/wp-json\/wp\/v2\/types\/product"}],"replies":[{"embeddable":true,"href":"https:\/\/amayahunab.com\/en\/wp-json\/wp\/v2\/comments?post=545"}],"wp:featuredmedia":[{"embeddable":true,"href":"https:\/\/amayahunab.com\/en\/wp-json\/wp\/v2\/media\/85"}],"wp:attachment":[{"href":"https:\/\/amayahunab.com\/en\/wp-json\/wp\/v2\/media?parent=545"}],"wp:term":[{"taxonomy":"product_brand","embeddable":true,"href":"https:\/\/amayahunab.com\/en\/wp-json\/wp\/v2\/product_brand?post=545"},{"taxonomy":"product_cat","embeddable":true,"href":"https:\/\/amayahunab.com\/en\/wp-json\/wp\/v2\/product_cat?post=545"},{"taxonomy":"product_tag","embeddable":true,"href":"https:\/\/amayahunab.com\/en\/wp-json\/wp\/v2\/product_tag?post=545"}],"curies":[{"name":"wp","href":"https:\/\/api.w.org\/{rel}","templated":true}]}}