{"id":646,"date":"2021-01-08T06:50:08","date_gmt":"2021-01-08T12:50:08","guid":{"rendered":"https:\/\/amayahunab.com\/?post_type=product&#038;p=646"},"modified":"2023-05-31T08:51:45","modified_gmt":"2023-05-31T13:51:45","slug":"donar","status":"publish","type":"product","link":"https:\/\/amayahunab.com\/en\/product\/donar\/","title":{"rendered":"Contribution \/ Donation"},"content":{"rendered":"<div class=\"pp-heading pp-left\">\n<h2 class=\"heading-title\"><span class=\"title-text pp-primary-title\">The foundation\u2026<\/span><\/h2>\n<\/div>\n<div class=\"pp-sub-heading\">\n<p class=\"_04xlpA direction-ltr align-start para-style-body\"><a href=\"https:\/\/seresenconciencia.org\" target=\"_blank\" rel=\"noopener\"><strong>Beings in Consciousness<\/strong><\/a> is a non-profit foundation made up of human beings who understand that <strong>life and consciousness are the most valuable asset you can have<\/strong>. We know that the planet works like a living being and each species that inhabits it has an individual and collective purpose that can be carried out to bring great benefits to the world.<\/p>\n<p class=\"_04xlpA direction-ltr align-start para-style-body\">We believe in the interconnected mindset of \u201c<strong>You win, I win, and the planet wins.<\/strong>\u201c. we consider ourselves\u00a0<strong>possibilitarists,\u00a0<\/strong>that is, we focus our resources on the potential of people and the existing possibilities to carry out\u00a0<a href=\"https:\/\/seresenconciencia.org\/nosotros\/mision-y-objetivos\/\">our mission<\/a>.<\/p>\n<\/div>","protected":false},"excerpt":{"rendered":"<p><a href=\"https:\/\/seresenconciencia.org\" target=\"_blank\" rel=\"noopener\"><strong>Beings in Consciousness<\/strong><\/a> is a non-profit foundation made up of human beings who understand that <strong>life and consciousness are the most valuable asset you can have<\/strong>. We know that the planet works like a living being and each species that inhabits it has an individual and collective purpose that can be carried out to bring great benefits to the world.<\/p>\n<p>Perhaps our paths have coincided in the past, in the present, or will coincide in the future. From the bottom of my heart I thank, honor and bless your support.<\/p>\n<p>As a token of gratitude, I leave in your hands a book that I myself have written in Spanish and that has changed the way many see the world. You will be able to download it once the donation is made.<\/p>\n<p>Let your path be an experience of peace, love and harmony.<\/p>\n<p><em><strong>Hunab Amaya.<\/strong><\/em><\/p>\n<p>Please <strong>write down here<\/strong> the amount in <strong>Dollars<\/strong> ($) that you want to donate.<\/p>","protected":false},"featured_media":0,"comment_status":"closed","ping_status":"closed","template":"","meta":{"_monsterinsights_skip_tracking":false,"_monsterinsights_sitenote_active":false,"_monsterinsights_sitenote_note":"","_monsterinsights_sitenote_category":0,"_uf_show_specific_survey":0,"_uf_disable_surveys":false},"product_brand":[],"product_cat":[31],"product_tag":[30],"class_list":{"0":"post-646","1":"product","2":"type-product","3":"status-publish","5":"product_cat-comunidad","6":"product_tag-donativo","8":"first","9":"instock","10":"downloadable","11":"virtual","12":"sold-individually","13":"purchasable","14":"product-type-donation"},"yoast_head":"<!-- This site is optimized with the Yoast SEO plugin v27.3 - https:\/\/yoast.com\/product\/yoast-seo-wordpress\/ -->\n<title>Contribuci\u00f3n \/ Donativo - Amaya Hunab<\/title>\n<meta name=\"robots\" content=\"index, follow, max-snippet:-1, max-image-preview:large, max-video-preview:-1\" \/>\n<link rel=\"canonical\" href=\"https:\/\/amayahunab.com\/en\/product\/donar\/\" \/>\n<meta property=\"og:locale\" content=\"en_US\" \/>\n<meta property=\"og:type\" content=\"article\" \/>\n<meta property=\"og:title\" content=\"Contribuci\u00f3n \/ Donativo - Amaya Hunab\" \/>\n<meta property=\"og:description\" content=\"Seres en Conciencia es una fundaci\u00f3n sin fines de lucro formada por seres humanos que comprendemos que la vida y la conciencia son el activo de mayor valor que se puede tener. Sabemos que el planeta funciona como un ser vivo y cada especie que habita en \u00e9l tiene un prop\u00f3sito a nivel individual y colectivo que puede llevarse a cabo para traer grandes beneficios al mundo.  Quiz\u00e1s nuestros caminos han coincido en el pasado, en el presente o coincidir\u00e1n en el futuro. Desde lo m\u00e1s profundo del coraz\u00f3n agradezco, honro y bendigo tu apoyo.  Como muestra de gratitud, dejo en tus manos un libro que yo mismo he escrito en Espa\u00f1ol y que ha cambiado la forma de ver el mundo de muchos. Podr\u00e1s descargarlo una vez realizada la donaci\u00f3n.  Sea tu camino una experiencia de paz, amor y armon\u00eda.  Hunab Amaya.  Por favor escribe aqu\u00ed abajo la cantidad en D\u00f3lares ($) que deseas donar.\" \/>\n<meta property=\"og:url\" content=\"https:\/\/amayahunab.com\/en\/product\/donar\/\" \/>\n<meta property=\"og:site_name\" content=\"Amaya Hunab\" \/>\n<meta property=\"article:modified_time\" content=\"2023-05-31T13:51:45+00:00\" \/>\n<meta property=\"og:image\" content=\"https:\/\/amayahunab.com\/wp-content\/uploads\/2021\/01\/Seres-en-Consciencia-Iso-Blanco.jpg\" \/>\n\t<meta property=\"og:image:width\" content=\"804\" \/>\n\t<meta property=\"og:image:height\" content=\"804\" \/>\n\t<meta property=\"og:image:type\" content=\"image\/jpeg\" \/>\n<meta name=\"twitter:card\" content=\"summary_large_image\" \/>\n<meta name=\"twitter:label1\" content=\"Est. reading time\" \/>\n\t<meta name=\"twitter:data1\" content=\"1 minute\" \/>\n<script type=\"application\/ld+json\" class=\"yoast-schema-graph\">{\"@context\":\"https:\\\/\\\/schema.org\",\"@graph\":[{\"@type\":\"WebPage\",\"@id\":\"https:\\\/\\\/amayahunab.com\\\/producto\\\/donar\\\/\",\"url\":\"https:\\\/\\\/amayahunab.com\\\/producto\\\/donar\\\/\",\"name\":\"Contribuci\u00f3n \\\/ Donativo - Amaya Hunab\",\"isPartOf\":{\"@id\":\"https:\\\/\\\/amayahunab.com\\\/#website\"},\"datePublished\":\"2021-01-08T12:50:08+00:00\",\"dateModified\":\"2023-05-31T13:51:45+00:00\",\"breadcrumb\":{\"@id\":\"https:\\\/\\\/amayahunab.com\\\/producto\\\/donar\\\/#breadcrumb\"},\"inLanguage\":\"en-US\",\"potentialAction\":[{\"@type\":\"ReadAction\",\"target\":[\"https:\\\/\\\/amayahunab.com\\\/producto\\\/donar\\\/\"]}]},{\"@type\":\"BreadcrumbList\",\"@id\":\"https:\\\/\\\/amayahunab.com\\\/producto\\\/donar\\\/#breadcrumb\",\"itemListElement\":[{\"@type\":\"ListItem\",\"position\":1,\"name\":\"Inicio\",\"item\":\"https:\\\/\\\/amayahunab.com\\\/\"},{\"@type\":\"ListItem\",\"position\":2,\"name\":\"Tienda\",\"item\":\"https:\\\/\\\/amayahunab.com\\\/en\\\/tienda\\\/\"},{\"@type\":\"ListItem\",\"position\":3,\"name\":\"Contribuci\u00f3n \\\/ Donativo\"}]},{\"@type\":\"WebSite\",\"@id\":\"https:\\\/\\\/amayahunab.com\\\/#website\",\"url\":\"https:\\\/\\\/amayahunab.com\\\/\",\"name\":\"Amaya Hunab\",\"description\":\"Artista | Humano | Viajero C\u00f3smico\",\"publisher\":{\"@id\":\"https:\\\/\\\/amayahunab.com\\\/#organization\"},\"potentialAction\":[{\"@type\":\"SearchAction\",\"target\":{\"@type\":\"EntryPoint\",\"urlTemplate\":\"https:\\\/\\\/amayahunab.com\\\/?s={search_term_string}\"},\"query-input\":{\"@type\":\"PropertyValueSpecification\",\"valueRequired\":true,\"valueName\":\"search_term_string\"}}],\"inLanguage\":\"en-US\"},{\"@type\":\"Organization\",\"@id\":\"https:\\\/\\\/amayahunab.com\\\/#organization\",\"name\":\"Rewire\",\"url\":\"https:\\\/\\\/amayahunab.com\\\/\",\"logo\":{\"@type\":\"ImageObject\",\"inLanguage\":\"en-US\",\"@id\":\"https:\\\/\\\/amayahunab.com\\\/#\\\/schema\\\/logo\\\/image\\\/\",\"url\":\"\",\"contentUrl\":\"\",\"caption\":\"Rewire\"},\"image\":{\"@id\":\"https:\\\/\\\/amayahunab.com\\\/#\\\/schema\\\/logo\\\/image\\\/\"}}]}<\/script>\n<!-- \/ Yoast SEO plugin. -->","yoast_head_json":{"title":"Contribuci\u00f3n \/ Donativo - Amaya Hunab","robots":{"index":"index","follow":"follow","max-snippet":"max-snippet:-1","max-image-preview":"max-image-preview:large","max-video-preview":"max-video-preview:-1"},"canonical":"https:\/\/amayahunab.com\/en\/product\/donar\/","og_locale":"en_US","og_type":"article","og_title":"Contribuci\u00f3n \/ Donativo - Amaya Hunab","og_description":"Seres en Conciencia es una fundaci\u00f3n sin fines de lucro formada por seres humanos que comprendemos que la vida y la conciencia son el activo de mayor valor que se puede tener. Sabemos que el planeta funciona como un ser vivo y cada especie que habita en \u00e9l tiene un prop\u00f3sito a nivel individual y colectivo que puede llevarse a cabo para traer grandes beneficios al mundo.  Quiz\u00e1s nuestros caminos han coincido en el pasado, en el presente o coincidir\u00e1n en el futuro. Desde lo m\u00e1s profundo del coraz\u00f3n agradezco, honro y bendigo tu apoyo.  Como muestra de gratitud, dejo en tus manos un libro que yo mismo he escrito en Espa\u00f1ol y que ha cambiado la forma de ver el mundo de muchos. Podr\u00e1s descargarlo una vez realizada la donaci\u00f3n.  Sea tu camino una experiencia de paz, amor y armon\u00eda.  Hunab Amaya.  Por favor escribe aqu\u00ed abajo la cantidad en D\u00f3lares ($) que deseas donar.","og_url":"https:\/\/amayahunab.com\/en\/product\/donar\/","og_site_name":"Amaya Hunab","article_modified_time":"2023-05-31T13:51:45+00:00","og_image":[{"width":804,"height":804,"url":"https:\/\/amayahunab.com\/wp-content\/uploads\/2021\/01\/Seres-en-Consciencia-Iso-Blanco.jpg","type":"image\/jpeg"}],"twitter_card":"summary_large_image","twitter_misc":{"Est. reading time":"1 minute"},"schema":{"@context":"https:\/\/schema.org","@graph":[{"@type":"WebPage","@id":"https:\/\/amayahunab.com\/producto\/donar\/","url":"https:\/\/amayahunab.com\/producto\/donar\/","name":"Contribuci\u00f3n \/ Donativo - Amaya Hunab","isPartOf":{"@id":"https:\/\/amayahunab.com\/#website"},"datePublished":"2021-01-08T12:50:08+00:00","dateModified":"2023-05-31T13:51:45+00:00","breadcrumb":{"@id":"https:\/\/amayahunab.com\/producto\/donar\/#breadcrumb"},"inLanguage":"en-US","potentialAction":[{"@type":"ReadAction","target":["https:\/\/amayahunab.com\/producto\/donar\/"]}]},{"@type":"BreadcrumbList","@id":"https:\/\/amayahunab.com\/producto\/donar\/#breadcrumb","itemListElement":[{"@type":"ListItem","position":1,"name":"Inicio","item":"https:\/\/amayahunab.com\/"},{"@type":"ListItem","position":2,"name":"Tienda","item":"https:\/\/amayahunab.com\/en\/tienda\/"},{"@type":"ListItem","position":3,"name":"Contribuci\u00f3n \/ Donativo"}]},{"@type":"WebSite","@id":"https:\/\/amayahunab.com\/#website","url":"https:\/\/amayahunab.com\/","name":"Amaya Hunab","description":"Artist | Human | Cosmic Traveler","publisher":{"@id":"https:\/\/amayahunab.com\/#organization"},"potentialAction":[{"@type":"SearchAction","target":{"@type":"EntryPoint","urlTemplate":"https:\/\/amayahunab.com\/?s={search_term_string}"},"query-input":{"@type":"PropertyValueSpecification","valueRequired":true,"valueName":"search_term_string"}}],"inLanguage":"en-US"},{"@type":"Organization","@id":"https:\/\/amayahunab.com\/#organization","name":"Rewire","url":"https:\/\/amayahunab.com\/","logo":{"@type":"ImageObject","inLanguage":"en-US","@id":"https:\/\/amayahunab.com\/#\/schema\/logo\/image\/","url":"","contentUrl":"","caption":"Rewire"},"image":{"@id":"https:\/\/amayahunab.com\/#\/schema\/logo\/image\/"}}]}},"_links":{"self":[{"href":"https:\/\/amayahunab.com\/en\/wp-json\/wp\/v2\/product\/646","targetHints":{"allow":["GET"]}}],"collection":[{"href":"https:\/\/amayahunab.com\/en\/wp-json\/wp\/v2\/product"}],"about":[{"href":"https:\/\/amayahunab.com\/en\/wp-json\/wp\/v2\/types\/product"}],"replies":[{"embeddable":true,"href":"https:\/\/amayahunab.com\/en\/wp-json\/wp\/v2\/comments?post=646"}],"wp:attachment":[{"href":"https:\/\/amayahunab.com\/en\/wp-json\/wp\/v2\/media?parent=646"}],"wp:term":[{"taxonomy":"product_brand","embeddable":true,"href":"https:\/\/amayahunab.com\/en\/wp-json\/wp\/v2\/product_brand?post=646"},{"taxonomy":"product_cat","embeddable":true,"href":"https:\/\/amayahunab.com\/en\/wp-json\/wp\/v2\/product_cat?post=646"},{"taxonomy":"product_tag","embeddable":true,"href":"https:\/\/amayahunab.com\/en\/wp-json\/wp\/v2\/product_tag?post=646"}],"curies":[{"name":"wp","href":"https:\/\/api.w.org\/{rel}","templated":true}]}}