{"id":770,"date":"2022-07-07T15:06:27","date_gmt":"2022-07-07T20:06:27","guid":{"rendered":"https:\/\/amayahunab.com\/producto\/donation\/"},"modified":"2024-01-18T09:06:00","modified_gmt":"2024-01-18T15:06:00","slug":"donation","status":"publish","type":"product","link":"https:\/\/amayahunab.com\/en\/product\/donation\/","title":{"rendered":"Donation"},"content":{"rendered":"<p>By supporting this cause, you&#039;re not only contributing to my dream of having a dedicated space for the music school, but you&#039;re also playing a fundamental part in creating experiences that touch hearts and change lives.<\/p>\n<p>Every donation, no matter the size, represents an emotional bond beyond words. It&#039;s an act of trust and appreciation that resonates deeply within me. Thank you for being part of my journey and for allowing me to continue sharing the beauty of conscious, vibrational art.<\/p>\n<div class=\"message\">\n<div class=\"content text-message-content\" tabindex=\"0\" aria-description=\"\">\n<div role=\"heading\" aria-level=\"2\">To give is to receive, to receive is to give; when done with the heart and out of love, it goes from adding to multiplying.<\/div>\n<\/div>\n<\/div>\n<p>Together we are weaving a story of connection, art, and love.<br \/>\nWith sincerity and gratitude, Hunab Amaya<\/p>","protected":false},"excerpt":{"rendered":"<p><strong>To give is to receive, to receive is to give;<br \/>\nwhen it is done with the heart and for love,<br \/>\ngoes from adding to multiplying.<\/strong><\/p>\n<p>I bless your donation, because it comes from the love and generosity of your heart.<\/p>\n<p>I appreciate your contribution, because it contributes to the well-being of many people and the balance of the planet. I recognize your value, because you are a unique and special being, full of talents and abilities.<\/p>\n<p>May what is given with love and conscience be multiplied by its honest nature.<br \/>\n<strong><br \/>\nI see you receiving what your heart desires.<br \/>\nI bless you and embrace you with all my love.<\/strong><\/p>\n<p>Thank you.<br \/>\n\u2013 Hunab<\/p>","protected":false},"featured_media":1503,"comment_status":"open","ping_status":"closed","template":"","meta":{"_monsterinsights_skip_tracking":false,"_monsterinsights_sitenote_active":false,"_monsterinsights_sitenote_note":"","_monsterinsights_sitenote_category":0,"_uf_show_specific_survey":0,"_uf_disable_surveys":false},"product_brand":[],"product_cat":[15],"product_tag":[],"class_list":{"0":"post-770","1":"product","2":"type-product","3":"status-publish","4":"has-post-thumbnail","6":"product_cat-sin-categorizar","8":"first","9":"instock","10":"virtual","11":"sold-individually","12":"purchasable","13":"product-type-donation"},"yoast_head":"<!-- This site is optimized with the Yoast SEO plugin v27.3 - https:\/\/yoast.com\/product\/yoast-seo-wordpress\/ -->\n<title>Donaci\u00f3n - Amaya Hunab<\/title>\n<meta name=\"robots\" content=\"index, follow, max-snippet:-1, max-image-preview:large, max-video-preview:-1\" \/>\n<link rel=\"canonical\" href=\"https:\/\/amayahunab.com\/en\/product\/donation\/\" \/>\n<meta property=\"og:locale\" content=\"en_US\" \/>\n<meta property=\"og:type\" content=\"article\" \/>\n<meta property=\"og:title\" content=\"Donaci\u00f3n - Amaya Hunab\" \/>\n<meta property=\"og:description\" content=\"Dar es recibir, recibir es dar; cuando se hace con el coraz\u00f3n y por amor, pasa de sumar a multiplicar.  Bendigo tu donativo, porque viene del amor y la generosidad de tu coraz\u00f3n.  Agradezco tu aportaci\u00f3n, porque contribuye al bienestar de muchas personas y al equilibrio del planeta. Reconozco tu valor, porque eres un ser \u00fanico y especial, lleno de talentos y capacidades.  Que esto que se da con amor y conciencia se multiplique por su naturaleza honesta.  Te veo recibiendo lo que tu coraz\u00f3n anhela. Te bendigo y te abrazo con todo mi amor.  Gracias. - Hunab\" \/>\n<meta property=\"og:url\" content=\"https:\/\/amayahunab.com\/en\/product\/donation\/\" \/>\n<meta property=\"og:site_name\" content=\"Amaya Hunab\" \/>\n<meta property=\"article:modified_time\" content=\"2024-01-18T15:06:00+00:00\" \/>\n<meta property=\"og:image\" content=\"https:\/\/amayahunab.com\/wp-content\/uploads\/2023\/11\/Hunab-Trascender-PP.jpg\" \/>\n\t<meta property=\"og:image:width\" content=\"1200\" \/>\n\t<meta property=\"og:image:height\" content=\"1200\" \/>\n\t<meta property=\"og:image:type\" content=\"image\/jpeg\" \/>\n<meta name=\"twitter:card\" content=\"summary_large_image\" \/>\n<meta name=\"twitter:label1\" content=\"Est. reading time\" \/>\n\t<meta name=\"twitter:data1\" content=\"1 minute\" \/>\n<script type=\"application\/ld+json\" class=\"yoast-schema-graph\">{\"@context\":\"https:\\\/\\\/schema.org\",\"@graph\":[{\"@type\":\"WebPage\",\"@id\":\"https:\\\/\\\/amayahunab.com\\\/producto\\\/donation\\\/\",\"url\":\"https:\\\/\\\/amayahunab.com\\\/producto\\\/donation\\\/\",\"name\":\"Donaci\u00f3n - Amaya Hunab\",\"isPartOf\":{\"@id\":\"https:\\\/\\\/amayahunab.com\\\/#website\"},\"primaryImageOfPage\":{\"@id\":\"https:\\\/\\\/amayahunab.com\\\/producto\\\/donation\\\/#primaryimage\"},\"image\":{\"@id\":\"https:\\\/\\\/amayahunab.com\\\/producto\\\/donation\\\/#primaryimage\"},\"thumbnailUrl\":\"https:\\\/\\\/amayahunab.com\\\/wp-content\\\/uploads\\\/2023\\\/11\\\/Hunab-Trascender-PP.jpg\",\"datePublished\":\"2022-07-07T20:06:27+00:00\",\"dateModified\":\"2024-01-18T15:06:00+00:00\",\"breadcrumb\":{\"@id\":\"https:\\\/\\\/amayahunab.com\\\/producto\\\/donation\\\/#breadcrumb\"},\"inLanguage\":\"en-US\",\"potentialAction\":[{\"@type\":\"ReadAction\",\"target\":[\"https:\\\/\\\/amayahunab.com\\\/producto\\\/donation\\\/\"]}]},{\"@type\":\"ImageObject\",\"inLanguage\":\"en-US\",\"@id\":\"https:\\\/\\\/amayahunab.com\\\/producto\\\/donation\\\/#primaryimage\",\"url\":\"https:\\\/\\\/amayahunab.com\\\/wp-content\\\/uploads\\\/2023\\\/11\\\/Hunab-Trascender-PP.jpg\",\"contentUrl\":\"https:\\\/\\\/amayahunab.com\\\/wp-content\\\/uploads\\\/2023\\\/11\\\/Hunab-Trascender-PP.jpg\",\"width\":1200,\"height\":1200},{\"@type\":\"BreadcrumbList\",\"@id\":\"https:\\\/\\\/amayahunab.com\\\/producto\\\/donation\\\/#breadcrumb\",\"itemListElement\":[{\"@type\":\"ListItem\",\"position\":1,\"name\":\"Inicio\",\"item\":\"https:\\\/\\\/amayahunab.com\\\/\"},{\"@type\":\"ListItem\",\"position\":2,\"name\":\"Tienda\",\"item\":\"https:\\\/\\\/amayahunab.com\\\/en\\\/tienda\\\/\"},{\"@type\":\"ListItem\",\"position\":3,\"name\":\"Donaci\u00f3n\"}]},{\"@type\":\"WebSite\",\"@id\":\"https:\\\/\\\/amayahunab.com\\\/#website\",\"url\":\"https:\\\/\\\/amayahunab.com\\\/\",\"name\":\"Amaya Hunab\",\"description\":\"Artista | Humano | Viajero C\u00f3smico\",\"publisher\":{\"@id\":\"https:\\\/\\\/amayahunab.com\\\/#organization\"},\"potentialAction\":[{\"@type\":\"SearchAction\",\"target\":{\"@type\":\"EntryPoint\",\"urlTemplate\":\"https:\\\/\\\/amayahunab.com\\\/?s={search_term_string}\"},\"query-input\":{\"@type\":\"PropertyValueSpecification\",\"valueRequired\":true,\"valueName\":\"search_term_string\"}}],\"inLanguage\":\"en-US\"},{\"@type\":\"Organization\",\"@id\":\"https:\\\/\\\/amayahunab.com\\\/#organization\",\"name\":\"Rewire\",\"url\":\"https:\\\/\\\/amayahunab.com\\\/\",\"logo\":{\"@type\":\"ImageObject\",\"inLanguage\":\"en-US\",\"@id\":\"https:\\\/\\\/amayahunab.com\\\/#\\\/schema\\\/logo\\\/image\\\/\",\"url\":\"\",\"contentUrl\":\"\",\"caption\":\"Rewire\"},\"image\":{\"@id\":\"https:\\\/\\\/amayahunab.com\\\/#\\\/schema\\\/logo\\\/image\\\/\"}}]}<\/script>\n<!-- \/ Yoast SEO plugin. -->","yoast_head_json":{"title":"Donaci\u00f3n - Amaya Hunab","robots":{"index":"index","follow":"follow","max-snippet":"max-snippet:-1","max-image-preview":"max-image-preview:large","max-video-preview":"max-video-preview:-1"},"canonical":"https:\/\/amayahunab.com\/en\/product\/donation\/","og_locale":"en_US","og_type":"article","og_title":"Donaci\u00f3n - Amaya Hunab","og_description":"Dar es recibir, recibir es dar; cuando se hace con el coraz\u00f3n y por amor, pasa de sumar a multiplicar.  Bendigo tu donativo, porque viene del amor y la generosidad de tu coraz\u00f3n.  Agradezco tu aportaci\u00f3n, porque contribuye al bienestar de muchas personas y al equilibrio del planeta. Reconozco tu valor, porque eres un ser \u00fanico y especial, lleno de talentos y capacidades.  Que esto que se da con amor y conciencia se multiplique por su naturaleza honesta.  Te veo recibiendo lo que tu coraz\u00f3n anhela. Te bendigo y te abrazo con todo mi amor.  Gracias. - Hunab","og_url":"https:\/\/amayahunab.com\/en\/product\/donation\/","og_site_name":"Amaya Hunab","article_modified_time":"2024-01-18T15:06:00+00:00","og_image":[{"width":1200,"height":1200,"url":"https:\/\/amayahunab.com\/wp-content\/uploads\/2023\/11\/Hunab-Trascender-PP.jpg","type":"image\/jpeg"}],"twitter_card":"summary_large_image","twitter_misc":{"Est. reading time":"1 minute"},"schema":{"@context":"https:\/\/schema.org","@graph":[{"@type":"WebPage","@id":"https:\/\/amayahunab.com\/producto\/donation\/","url":"https:\/\/amayahunab.com\/producto\/donation\/","name":"Donaci\u00f3n - Amaya Hunab","isPartOf":{"@id":"https:\/\/amayahunab.com\/#website"},"primaryImageOfPage":{"@id":"https:\/\/amayahunab.com\/producto\/donation\/#primaryimage"},"image":{"@id":"https:\/\/amayahunab.com\/producto\/donation\/#primaryimage"},"thumbnailUrl":"https:\/\/amayahunab.com\/wp-content\/uploads\/2023\/11\/Hunab-Trascender-PP.jpg","datePublished":"2022-07-07T20:06:27+00:00","dateModified":"2024-01-18T15:06:00+00:00","breadcrumb":{"@id":"https:\/\/amayahunab.com\/producto\/donation\/#breadcrumb"},"inLanguage":"en-US","potentialAction":[{"@type":"ReadAction","target":["https:\/\/amayahunab.com\/producto\/donation\/"]}]},{"@type":"ImageObject","inLanguage":"en-US","@id":"https:\/\/amayahunab.com\/producto\/donation\/#primaryimage","url":"https:\/\/amayahunab.com\/wp-content\/uploads\/2023\/11\/Hunab-Trascender-PP.jpg","contentUrl":"https:\/\/amayahunab.com\/wp-content\/uploads\/2023\/11\/Hunab-Trascender-PP.jpg","width":1200,"height":1200},{"@type":"BreadcrumbList","@id":"https:\/\/amayahunab.com\/producto\/donation\/#breadcrumb","itemListElement":[{"@type":"ListItem","position":1,"name":"Inicio","item":"https:\/\/amayahunab.com\/"},{"@type":"ListItem","position":2,"name":"Tienda","item":"https:\/\/amayahunab.com\/en\/tienda\/"},{"@type":"ListItem","position":3,"name":"Donaci\u00f3n"}]},{"@type":"WebSite","@id":"https:\/\/amayahunab.com\/#website","url":"https:\/\/amayahunab.com\/","name":"Amaya Hunab","description":"Artist | Human | Cosmic Traveler","publisher":{"@id":"https:\/\/amayahunab.com\/#organization"},"potentialAction":[{"@type":"SearchAction","target":{"@type":"EntryPoint","urlTemplate":"https:\/\/amayahunab.com\/?s={search_term_string}"},"query-input":{"@type":"PropertyValueSpecification","valueRequired":true,"valueName":"search_term_string"}}],"inLanguage":"en-US"},{"@type":"Organization","@id":"https:\/\/amayahunab.com\/#organization","name":"Rewire","url":"https:\/\/amayahunab.com\/","logo":{"@type":"ImageObject","inLanguage":"en-US","@id":"https:\/\/amayahunab.com\/#\/schema\/logo\/image\/","url":"","contentUrl":"","caption":"Rewire"},"image":{"@id":"https:\/\/amayahunab.com\/#\/schema\/logo\/image\/"}}]}},"_links":{"self":[{"href":"https:\/\/amayahunab.com\/en\/wp-json\/wp\/v2\/product\/770","targetHints":{"allow":["GET"]}}],"collection":[{"href":"https:\/\/amayahunab.com\/en\/wp-json\/wp\/v2\/product"}],"about":[{"href":"https:\/\/amayahunab.com\/en\/wp-json\/wp\/v2\/types\/product"}],"replies":[{"embeddable":true,"href":"https:\/\/amayahunab.com\/en\/wp-json\/wp\/v2\/comments?post=770"}],"wp:featuredmedia":[{"embeddable":true,"href":"https:\/\/amayahunab.com\/en\/wp-json\/wp\/v2\/media\/1503"}],"wp:attachment":[{"href":"https:\/\/amayahunab.com\/en\/wp-json\/wp\/v2\/media?parent=770"}],"wp:term":[{"taxonomy":"product_brand","embeddable":true,"href":"https:\/\/amayahunab.com\/en\/wp-json\/wp\/v2\/product_brand?post=770"},{"taxonomy":"product_cat","embeddable":true,"href":"https:\/\/amayahunab.com\/en\/wp-json\/wp\/v2\/product_cat?post=770"},{"taxonomy":"product_tag","embeddable":true,"href":"https:\/\/amayahunab.com\/en\/wp-json\/wp\/v2\/product_tag?post=770"}],"curies":[{"name":"wp","href":"https:\/\/api.w.org\/{rel}","templated":true}]}}